{"id":99,"date":"2017-10-24T15:56:10","date_gmt":"2017-10-24T13:56:10","guid":{"rendered":"http:\/\/www.attensberger.de\/?page_id=99"},"modified":"2017-10-25T13:16:38","modified_gmt":"2017-10-25T11:16:38","slug":"boeden","status":"publish","type":"page","link":"https:\/\/www.attensberger.de\/index.php\/leistungen\/boeden\/","title":{"rendered":"B\u00f6den"},"content":{"rendered":"<p>[vc_row][vc_column width=&#8220;1\/1&#8243;][vc_column_text]Auch wenn es um Ihren Boden geht, sind wir selbstverst\u00e4ndlich Ihr Kompetenter Ansprechpartner. Egal ob Parkett, Laminat oder Linoleum, unsere langj\u00e4hirgen Vertraglieferanten erm\u00f6glichen es uns Ihnen jeden Wunsch zu erf\u00fcllen. Sehen Sie sich einfach auf den Seiten unserer Partner um und machen Sie sich selbst ein Bild![\/vc_column_text]<div class=\"spacer\" style=\"height: 35px;\"><\/div>[vc_column_text]<\/p>\n<h5><a href=\"http:\/\/www.weitzer-parkett.com\" target=\"_blank\" rel=\"noopener noreferrer\">Parkett von Weitzer<\/a><\/h5>\n<p>[\/vc_column_text]<div class=\"spacer\" style=\"height: 1px;\"><\/div>[\/vc_column][\/vc_row][vc_row][vc_column width=&#8220;1\/4&#8243;]<div class=\"single_image wpb_content_element align-left    \" data-animation=\"none\" data-delay=\"0\"><a href=\"https:\/\/www.attensberger.de\/wp-content\/uploads\/2017\/10\/4-5.jpg\" class=\"prettyPhoto\" rel=\"prettyPhoto[image]\"><img loading=\"lazy\" decoding=\"async\" width=\"1137\" height=\"745\" src=\"https:\/\/www.attensberger.de\/wp-content\/uploads\/2017\/10\/4-5.jpg\" class=\"attachment-full\" alt=\"\" srcset=\"https:\/\/www.attensberger.de\/wp-content\/uploads\/2017\/10\/4-5.jpg 1137w, https:\/\/www.attensberger.de\/wp-content\/uploads\/2017\/10\/4-5-300x197.jpg 300w, https:\/\/www.attensberger.de\/wp-content\/uploads\/2017\/10\/4-5-768x503.jpg 768w, https:\/\/www.attensberger.de\/wp-content\/uploads\/2017\/10\/4-5-1024x671.jpg 1024w\" sizes=\"auto, (max-width: 1137px) 100vw, 1137px\" \/><\/a><\/div>[\/vc_column][vc_column width=&#8220;1\/4&#8243;]<div class=\"single_image wpb_content_element align-left    \" data-animation=\"none\" data-delay=\"0\"><a href=\"https:\/\/www.attensberger.de\/wp-content\/uploads\/2017\/10\/3-5.jpg\" class=\"prettyPhoto\" rel=\"prettyPhoto[image]\"><img loading=\"lazy\" decoding=\"async\" width=\"1137\" height=\"495\" src=\"https:\/\/www.attensberger.de\/wp-content\/uploads\/2017\/10\/3-5.jpg\" class=\"attachment-full\" alt=\"\" srcset=\"https:\/\/www.attensberger.de\/wp-content\/uploads\/2017\/10\/3-5.jpg 1137w, https:\/\/www.attensberger.de\/wp-content\/uploads\/2017\/10\/3-5-300x131.jpg 300w, https:\/\/www.attensberger.de\/wp-content\/uploads\/2017\/10\/3-5-768x334.jpg 768w, https:\/\/www.attensberger.de\/wp-content\/uploads\/2017\/10\/3-5-1024x446.jpg 1024w\" sizes=\"auto, (max-width: 1137px) 100vw, 1137px\" \/><\/a><\/div>[\/vc_column][vc_column width=&#8220;1\/4&#8243;]<div class=\"single_image wpb_content_element align-left    \" data-animation=\"none\" data-delay=\"0\"><a href=\"https:\/\/www.attensberger.de\/wp-content\/uploads\/2017\/10\/5-5.jpg\" class=\"prettyPhoto\" rel=\"prettyPhoto[image]\"><img loading=\"lazy\" decoding=\"async\" width=\"1137\" height=\"495\" src=\"https:\/\/www.attensberger.de\/wp-content\/uploads\/2017\/10\/5-5.jpg\" class=\"attachment-full\" alt=\"\" srcset=\"https:\/\/www.attensberger.de\/wp-content\/uploads\/2017\/10\/5-5.jpg 1137w, https:\/\/www.attensberger.de\/wp-content\/uploads\/2017\/10\/5-5-300x131.jpg 300w, https:\/\/www.attensberger.de\/wp-content\/uploads\/2017\/10\/5-5-768x334.jpg 768w, https:\/\/www.attensberger.de\/wp-content\/uploads\/2017\/10\/5-5-1024x446.jpg 1024w\" sizes=\"auto, (max-width: 1137px) 100vw, 1137px\" \/><\/a><\/div>[\/vc_column][vc_column width=&#8220;1\/4&#8243;]<div class=\"single_image wpb_content_element align-left    \" data-animation=\"none\" data-delay=\"0\"><a href=\"https:\/\/www.attensberger.de\/wp-content\/uploads\/2017\/10\/6.jpg\" class=\"prettyPhoto\" rel=\"prettyPhoto[image]\"><img loading=\"lazy\" decoding=\"async\" width=\"1137\" height=\"495\" src=\"https:\/\/www.attensberger.de\/wp-content\/uploads\/2017\/10\/6.jpg\" class=\"attachment-full\" alt=\"\" srcset=\"https:\/\/www.attensberger.de\/wp-content\/uploads\/2017\/10\/6.jpg 1137w, https:\/\/www.attensberger.de\/wp-content\/uploads\/2017\/10\/6-300x131.jpg 300w, https:\/\/www.attensberger.de\/wp-content\/uploads\/2017\/10\/6-768x334.jpg 768w, https:\/\/www.attensberger.de\/wp-content\/uploads\/2017\/10\/6-1024x446.jpg 1024w\" sizes=\"auto, (max-width: 1137px) 100vw, 1137px\" \/><\/a><\/div>[\/vc_column][\/vc_row][vc_row][vc_column width=&#8220;1\/1&#8243;]<div class=\"spacer\" style=\"height: 40px;\"><\/div>[vc_column_text]<\/p>\n<h5><a href=\"http:\/\/www.meister.com\/de\/laminat.html\" target=\"_blank\" rel=\"noopener noreferrer\">Laminat von Meister<\/a><\/h5>\n<p>[\/vc_column_text]<div class=\"spacer\" style=\"height: 1px;\"><\/div>[\/vc_column][\/vc_row][vc_row][vc_column width=&#8220;1\/4&#8243;]<div class=\"single_image wpb_content_element align-left    \" data-animation=\"none\" data-delay=\"0\"><a href=\"https:\/\/www.attensberger.de\/wp-content\/uploads\/2017\/10\/1-6.jpg\" class=\"prettyPhoto\" rel=\"prettyPhoto[image]\"><img loading=\"lazy\" decoding=\"async\" width=\"1600\" height=\"800\" src=\"https:\/\/www.attensberger.de\/wp-content\/uploads\/2017\/10\/1-6.jpg\" class=\"attachment-full\" alt=\"\" srcset=\"https:\/\/www.attensberger.de\/wp-content\/uploads\/2017\/10\/1-6.jpg 1600w, https:\/\/www.attensberger.de\/wp-content\/uploads\/2017\/10\/1-6-300x150.jpg 300w, https:\/\/www.attensberger.de\/wp-content\/uploads\/2017\/10\/1-6-768x384.jpg 768w, https:\/\/www.attensberger.de\/wp-content\/uploads\/2017\/10\/1-6-1024x512.jpg 1024w, https:\/\/www.attensberger.de\/wp-content\/uploads\/2017\/10\/1-6-1000x500.jpg 1000w\" sizes=\"auto, (max-width: 1600px) 100vw, 1600px\" \/><\/a><\/div>[\/vc_column][vc_column width=&#8220;1\/4&#8243;]<div class=\"single_image wpb_content_element align-left    \" data-animation=\"none\" data-delay=\"0\"><a href=\"https:\/\/www.attensberger.de\/wp-content\/uploads\/2017\/10\/5-6.jpg\" class=\"prettyPhoto\" rel=\"prettyPhoto[image]\"><img loading=\"lazy\" decoding=\"async\" width=\"1600\" height=\"800\" src=\"https:\/\/www.attensberger.de\/wp-content\/uploads\/2017\/10\/5-6.jpg\" class=\"attachment-full\" alt=\"\" srcset=\"https:\/\/www.attensberger.de\/wp-content\/uploads\/2017\/10\/5-6.jpg 1600w, https:\/\/www.attensberger.de\/wp-content\/uploads\/2017\/10\/5-6-300x150.jpg 300w, https:\/\/www.attensberger.de\/wp-content\/uploads\/2017\/10\/5-6-768x384.jpg 768w, https:\/\/www.attensberger.de\/wp-content\/uploads\/2017\/10\/5-6-1024x512.jpg 1024w, https:\/\/www.attensberger.de\/wp-content\/uploads\/2017\/10\/5-6-1000x500.jpg 1000w\" sizes=\"auto, (max-width: 1600px) 100vw, 1600px\" \/><\/a><\/div>[\/vc_column][vc_column width=&#8220;1\/4&#8243;]<div class=\"single_image wpb_content_element align-left    \" data-animation=\"none\" data-delay=\"0\"><a href=\"https:\/\/www.attensberger.de\/wp-content\/uploads\/2017\/10\/4-6.jpg\" class=\"prettyPhoto\" rel=\"prettyPhoto[image]\"><img loading=\"lazy\" decoding=\"async\" width=\"1600\" height=\"800\" src=\"https:\/\/www.attensberger.de\/wp-content\/uploads\/2017\/10\/4-6.jpg\" class=\"attachment-full\" alt=\"\" srcset=\"https:\/\/www.attensberger.de\/wp-content\/uploads\/2017\/10\/4-6.jpg 1600w, https:\/\/www.attensberger.de\/wp-content\/uploads\/2017\/10\/4-6-300x150.jpg 300w, https:\/\/www.attensberger.de\/wp-content\/uploads\/2017\/10\/4-6-768x384.jpg 768w, https:\/\/www.attensberger.de\/wp-content\/uploads\/2017\/10\/4-6-1024x512.jpg 1024w, https:\/\/www.attensberger.de\/wp-content\/uploads\/2017\/10\/4-6-1000x500.jpg 1000w\" sizes=\"auto, (max-width: 1600px) 100vw, 1600px\" \/><\/a><\/div>[\/vc_column][vc_column width=&#8220;1\/4&#8243;]<div class=\"single_image wpb_content_element align-left    \" data-animation=\"none\" data-delay=\"0\"><a href=\"https:\/\/www.attensberger.de\/wp-content\/uploads\/2017\/10\/3-6.jpg\" class=\"prettyPhoto\" rel=\"prettyPhoto[image]\"><img loading=\"lazy\" decoding=\"async\" width=\"1600\" height=\"800\" src=\"https:\/\/www.attensberger.de\/wp-content\/uploads\/2017\/10\/3-6.jpg\" class=\"attachment-full\" alt=\"\" srcset=\"https:\/\/www.attensberger.de\/wp-content\/uploads\/2017\/10\/3-6.jpg 1600w, https:\/\/www.attensberger.de\/wp-content\/uploads\/2017\/10\/3-6-300x150.jpg 300w, https:\/\/www.attensberger.de\/wp-content\/uploads\/2017\/10\/3-6-768x384.jpg 768w, https:\/\/www.attensberger.de\/wp-content\/uploads\/2017\/10\/3-6-1024x512.jpg 1024w, https:\/\/www.attensberger.de\/wp-content\/uploads\/2017\/10\/3-6-1000x500.jpg 1000w\" sizes=\"auto, (max-width: 1600px) 100vw, 1600px\" \/><\/a><\/div>[\/vc_column][\/vc_row][vc_row][vc_column width=&#8220;1\/1&#8243;]<div class=\"spacer\" style=\"height: 40px;\"><\/div>[vc_column_text]<\/p>\n<h5><a href=\"http:\/\/www.tilo.com\/de\/Produktwelt\/Naturb%C3%B6den\/Linoleumb%C3%B6den\" target=\"_blank\" rel=\"noopener noreferrer\">Linoleumb\u00f6den von Tilo<\/a><\/h5>\n<p>[\/vc_column_text]<div class=\"spacer\" style=\"height: 1px;\"><\/div>[\/vc_column][\/vc_row][vc_row][vc_column width=&#8220;1\/4&#8243;]<div class=\"single_image wpb_content_element align-left    \" data-animation=\"none\" data-delay=\"0\"><a href=\"https:\/\/www.attensberger.de\/wp-content\/uploads\/2017\/10\/3-7.jpg\" class=\"prettyPhoto\" rel=\"prettyPhoto[image]\"><img loading=\"lazy\" decoding=\"async\" width=\"1024\" height=\"576\" src=\"https:\/\/www.attensberger.de\/wp-content\/uploads\/2017\/10\/3-7.jpg\" class=\"attachment-full\" alt=\"\" srcset=\"https:\/\/www.attensberger.de\/wp-content\/uploads\/2017\/10\/3-7.jpg 1024w, https:\/\/www.attensberger.de\/wp-content\/uploads\/2017\/10\/3-7-300x169.jpg 300w, https:\/\/www.attensberger.de\/wp-content\/uploads\/2017\/10\/3-7-768x432.jpg 768w, https:\/\/www.attensberger.de\/wp-content\/uploads\/2017\/10\/3-7-1000x563.jpg 1000w\" sizes=\"auto, (max-width: 1024px) 100vw, 1024px\" \/><\/a><\/div>[\/vc_column][vc_column width=&#8220;1\/4&#8243;]<div class=\"single_image wpb_content_element align-left    \" data-animation=\"none\" data-delay=\"0\"><a href=\"https:\/\/www.attensberger.de\/wp-content\/uploads\/2017\/10\/1-7.jpg\" class=\"prettyPhoto\" rel=\"prettyPhoto[image]\"><img loading=\"lazy\" decoding=\"async\" width=\"1024\" height=\"576\" src=\"https:\/\/www.attensberger.de\/wp-content\/uploads\/2017\/10\/1-7.jpg\" class=\"attachment-full\" alt=\"\" srcset=\"https:\/\/www.attensberger.de\/wp-content\/uploads\/2017\/10\/1-7.jpg 1024w, https:\/\/www.attensberger.de\/wp-content\/uploads\/2017\/10\/1-7-300x169.jpg 300w, https:\/\/www.attensberger.de\/wp-content\/uploads\/2017\/10\/1-7-768x432.jpg 768w, https:\/\/www.attensberger.de\/wp-content\/uploads\/2017\/10\/1-7-1000x563.jpg 1000w\" sizes=\"auto, (max-width: 1024px) 100vw, 1024px\" \/><\/a><\/div>[\/vc_column][vc_column width=&#8220;1\/4&#8243;]<div class=\"single_image wpb_content_element align-left    \" data-animation=\"none\" data-delay=\"0\"><a href=\"https:\/\/www.attensberger.de\/wp-content\/uploads\/2017\/10\/4-7.jpg\" class=\"prettyPhoto\" rel=\"prettyPhoto[image]\"><img loading=\"lazy\" decoding=\"async\" width=\"1600\" height=\"899\" src=\"https:\/\/www.attensberger.de\/wp-content\/uploads\/2017\/10\/4-7.jpg\" class=\"attachment-full\" alt=\"\" srcset=\"https:\/\/www.attensberger.de\/wp-content\/uploads\/2017\/10\/4-7.jpg 1600w, https:\/\/www.attensberger.de\/wp-content\/uploads\/2017\/10\/4-7-300x169.jpg 300w, https:\/\/www.attensberger.de\/wp-content\/uploads\/2017\/10\/4-7-768x432.jpg 768w, https:\/\/www.attensberger.de\/wp-content\/uploads\/2017\/10\/4-7-1024x575.jpg 1024w, https:\/\/www.attensberger.de\/wp-content\/uploads\/2017\/10\/4-7-1000x563.jpg 1000w\" sizes=\"auto, (max-width: 1600px) 100vw, 1600px\" \/><\/a><\/div>[\/vc_column][vc_column width=&#8220;1\/4&#8243;]<div class=\"single_image wpb_content_element align-left    \" data-animation=\"none\" data-delay=\"0\"><a href=\"https:\/\/www.attensberger.de\/wp-content\/uploads\/2017\/10\/2-7.jpg\" class=\"prettyPhoto\" rel=\"prettyPhoto[image]\"><img loading=\"lazy\" decoding=\"async\" width=\"1024\" height=\"576\" src=\"https:\/\/www.attensberger.de\/wp-content\/uploads\/2017\/10\/2-7.jpg\" class=\"attachment-full\" alt=\"\" srcset=\"https:\/\/www.attensberger.de\/wp-content\/uploads\/2017\/10\/2-7.jpg 1024w, https:\/\/www.attensberger.de\/wp-content\/uploads\/2017\/10\/2-7-300x169.jpg 300w, https:\/\/www.attensberger.de\/wp-content\/uploads\/2017\/10\/2-7-768x432.jpg 768w, https:\/\/www.attensberger.de\/wp-content\/uploads\/2017\/10\/2-7-1000x563.jpg 1000w\" sizes=\"auto, (max-width: 1024px) 100vw, 1024px\" \/><\/a><\/div>[\/vc_column][\/vc_row][vc_row][vc_column width=&#8220;1\/1&#8243;]<div class=\"spacer\" style=\"height: 40px;\"><\/div>[vc_column_text]<\/p>\n<h5><a href=\"https:\/\/www.egger.com\/shop\/de_DE\/produkte\/flooring\" target=\"_blank\" rel=\"noopener noreferrer\">Fu\u00dfb\u00f6den von Egger<\/a><\/h5>\n<p>[\/vc_column_text]<div class=\"spacer\" style=\"height: 1px;\"><\/div>[\/vc_column][\/vc_row][vc_row][vc_column width=&#8220;1\/4&#8243;]<div class=\"single_image wpb_content_element align-left    \" data-animation=\"none\" data-delay=\"0\"><a href=\"https:\/\/www.attensberger.de\/wp-content\/uploads\/2017\/10\/4-8.jpg\" class=\"prettyPhoto\" rel=\"prettyPhoto[image]\"><img loading=\"lazy\" decoding=\"async\" width=\"560\" height=\"410\" src=\"https:\/\/www.attensberger.de\/wp-content\/uploads\/2017\/10\/4-8.jpg\" class=\"attachment-full\" alt=\"\" srcset=\"https:\/\/www.attensberger.de\/wp-content\/uploads\/2017\/10\/4-8.jpg 560w, https:\/\/www.attensberger.de\/wp-content\/uploads\/2017\/10\/4-8-300x220.jpg 300w\" sizes=\"auto, (max-width: 560px) 100vw, 560px\" \/><\/a><\/div>[\/vc_column][vc_column width=&#8220;1\/4&#8243;]<div class=\"single_image wpb_content_element align-left    \" data-animation=\"none\" data-delay=\"0\"><a href=\"https:\/\/www.attensberger.de\/wp-content\/uploads\/2017\/10\/3-8.jpg\" class=\"prettyPhoto\" rel=\"prettyPhoto[image]\"><img loading=\"lazy\" decoding=\"async\" width=\"560\" height=\"410\" src=\"https:\/\/www.attensberger.de\/wp-content\/uploads\/2017\/10\/3-8.jpg\" class=\"attachment-full\" alt=\"\" srcset=\"https:\/\/www.attensberger.de\/wp-content\/uploads\/2017\/10\/3-8.jpg 560w, https:\/\/www.attensberger.de\/wp-content\/uploads\/2017\/10\/3-8-300x220.jpg 300w\" sizes=\"auto, (max-width: 560px) 100vw, 560px\" \/><\/a><\/div>[\/vc_column][vc_column width=&#8220;1\/4&#8243;]<div class=\"single_image wpb_content_element align-left    \" data-animation=\"none\" data-delay=\"0\"><a href=\"https:\/\/www.attensberger.de\/wp-content\/uploads\/2017\/10\/1-8.jpg\" class=\"prettyPhoto\" rel=\"prettyPhoto[image]\"><img loading=\"lazy\" decoding=\"async\" width=\"560\" height=\"410\" src=\"https:\/\/www.attensberger.de\/wp-content\/uploads\/2017\/10\/1-8.jpg\" class=\"attachment-full\" alt=\"\" srcset=\"https:\/\/www.attensberger.de\/wp-content\/uploads\/2017\/10\/1-8.jpg 560w, https:\/\/www.attensberger.de\/wp-content\/uploads\/2017\/10\/1-8-300x220.jpg 300w\" sizes=\"auto, (max-width: 560px) 100vw, 560px\" \/><\/a><\/div>[\/vc_column][vc_column width=&#8220;1\/4&#8243;]<div class=\"single_image wpb_content_element align-left    \" data-animation=\"none\" data-delay=\"0\"><a href=\"https:\/\/www.attensberger.de\/wp-content\/uploads\/2017\/10\/5-8.jpg\" class=\"prettyPhoto\" rel=\"prettyPhoto[image]\"><img loading=\"lazy\" decoding=\"async\" width=\"560\" height=\"410\" src=\"https:\/\/www.attensberger.de\/wp-content\/uploads\/2017\/10\/5-8.jpg\" class=\"attachment-full\" alt=\"\" srcset=\"https:\/\/www.attensberger.de\/wp-content\/uploads\/2017\/10\/5-8.jpg 560w, https:\/\/www.attensberger.de\/wp-content\/uploads\/2017\/10\/5-8-300x220.jpg 300w\" sizes=\"auto, (max-width: 560px) 100vw, 560px\" \/><\/a><\/div>[\/vc_column][\/vc_row]<\/p>\n","protected":false},"excerpt":{"rendered":"<p>[vc_row][vc_column width=&#8220;1\/1&#8243;][vc_column_text]Auch wenn es um Ihren Boden geht, sind wir selbstverst\u00e4ndlich Ihr Kompetenter Ansprechpartner. Egal ob Parkett, Laminat oder Linoleum, unsere langj\u00e4hirgen Vertraglieferanten erm\u00f6glichen es uns Ihnen jeden Wunsch zu erf\u00fcllen. Sehen Sie sich einfach auf den Seiten unserer Partner um und machen Sie sich selbst ein Bild![\/vc_column_text][vc_column_text] Parkett von Weitzer [\/vc_column_text][\/vc_column][\/vc_row][vc_row][vc_column width=&#8220;1\/4&#8243;][\/vc_column][vc_column width=&#8220;1\/4&#8243;][\/vc_column][vc_column width=&#8220;1\/4&#8243;][\/vc_column][vc_column width=&#8220;1\/4&#8243;][\/vc_column][\/vc_row][vc_row][vc_column width=&#8220;1\/1&#8243;][vc_column_text] Laminat von Meister [\/vc_column_text][\/vc_column][\/vc_row][vc_row][vc_column width=&#8220;1\/4&#8243;][\/vc_column][vc_column width=&#8220;1\/4&#8243;][\/vc_column][vc_column width=&#8220;1\/4&#8243;][\/vc_column][vc_column width=&#8220;1\/4&#8243;][\/vc_column][\/vc_row][vc_row][vc_column width=&#8220;1\/1&#8243;][vc_column_text] Linoleumb\u00f6den von Tilo [\/vc_column_text][\/vc_column][\/vc_row][vc_row][vc_column width=&#8220;1\/4&#8243;][\/vc_column][vc_column width=&#8220;1\/4&#8243;][\/vc_column][vc_column width=&#8220;1\/4&#8243;][\/vc_column][vc_column width=&#8220;1\/4&#8243;][\/vc_column][\/vc_row][vc_row][vc_column width=&#8220;1\/1&#8243;][vc_column_text] Fu\u00dfb\u00f6den von Egger [\/vc_column_text][\/vc_column][\/vc_row][vc_row][vc_column width=&#8220;1\/4&#8243;][\/vc_column][vc_column width=&#8220;1\/4&#8243;][\/vc_column][vc_column width=&#8220;1\/4&#8243;][\/vc_column][vc_column width=&#8220;1\/4&#8243;][\/vc_column][\/vc_row]<\/p>\n","protected":false},"author":1,"featured_media":0,"parent":9,"menu_order":0,"comment_status":"closed","ping_status":"closed","template":"","meta":{"footnotes":""},"class_list":["post-99","page","type-page","status-publish","hentry"],"_links":{"self":[{"href":"https:\/\/www.attensberger.de\/index.php\/wp-json\/wp\/v2\/pages\/99","targetHints":{"allow":["GET"]}}],"collection":[{"href":"https:\/\/www.attensberger.de\/index.php\/wp-json\/wp\/v2\/pages"}],"about":[{"href":"https:\/\/www.attensberger.de\/index.php\/wp-json\/wp\/v2\/types\/page"}],"author":[{"embeddable":true,"href":"https:\/\/www.attensberger.de\/index.php\/wp-json\/wp\/v2\/users\/1"}],"replies":[{"embeddable":true,"href":"https:\/\/www.attensberger.de\/index.php\/wp-json\/wp\/v2\/comments?post=99"}],"version-history":[{"count":10,"href":"https:\/\/www.attensberger.de\/index.php\/wp-json\/wp\/v2\/pages\/99\/revisions"}],"predecessor-version":[{"id":287,"href":"https:\/\/www.attensberger.de\/index.php\/wp-json\/wp\/v2\/pages\/99\/revisions\/287"}],"up":[{"embeddable":true,"href":"https:\/\/www.attensberger.de\/index.php\/wp-json\/wp\/v2\/pages\/9"}],"wp:attachment":[{"href":"https:\/\/www.attensberger.de\/index.php\/wp-json\/wp\/v2\/media?parent=99"}],"curies":[{"name":"wp","href":"https:\/\/api.w.org\/{rel}","templated":true}]}}