{"id":95,"date":"2017-10-24T15:55:50","date_gmt":"2017-10-24T13:55:50","guid":{"rendered":"http:\/\/www.attensberger.de\/?page_id=95"},"modified":"2017-10-25T12:52:24","modified_gmt":"2017-10-25T10:52:24","slug":"decken","status":"publish","type":"page","link":"https:\/\/www.attensberger.de\/index.php\/leistungen\/decken\/","title":{"rendered":"Decken"},"content":{"rendered":"<p>[vc_row][vc_column width=&#8220;1\/1&#8243;][vc_column_text]ADeckenverkleidungen aus Holz oder Kunststoff k\u00f6nnen Sie selbstverst\u00e4ndlich \u00fcber uns beziehen. Eine kurze \u00dcbersicht unseres Sortiments finden Sie auf den Seiten unserer Herstellungspartner.[\/vc_column_text]<div class=\"spacer\" style=\"height: 35px;\"><\/div>[vc_column_text]<\/p>\n<h5><a href=\"http:\/\/www.meister.com\/de\/paneele\/\" target=\"_blank\" rel=\"noopener\">Holz-Panele von Meister<\/a><\/h5>\n<p>[\/vc_column_text]<div class=\"spacer\" style=\"height: 1px;\"><\/div>[\/vc_column][\/vc_row][vc_row][vc_column width=&#8220;1\/4&#8243;]<div class=\"single_image wpb_content_element align-left    \" data-animation=\"none\" data-delay=\"0\"><a href=\"https:\/\/www.attensberger.de\/wp-content\/uploads\/2017\/10\/5-3.jpg\" class=\"prettyPhoto\" rel=\"prettyPhoto[image]\"><img loading=\"lazy\" decoding=\"async\" width=\"1600\" height=\"800\" src=\"https:\/\/www.attensberger.de\/wp-content\/uploads\/2017\/10\/5-3.jpg\" class=\"attachment-full\" alt=\"\" srcset=\"https:\/\/www.attensberger.de\/wp-content\/uploads\/2017\/10\/5-3.jpg 1600w, https:\/\/www.attensberger.de\/wp-content\/uploads\/2017\/10\/5-3-300x150.jpg 300w, https:\/\/www.attensberger.de\/wp-content\/uploads\/2017\/10\/5-3-768x384.jpg 768w, https:\/\/www.attensberger.de\/wp-content\/uploads\/2017\/10\/5-3-1024x512.jpg 1024w, https:\/\/www.attensberger.de\/wp-content\/uploads\/2017\/10\/5-3-1000x500.jpg 1000w\" sizes=\"auto, (max-width: 1600px) 100vw, 1600px\" \/><\/a><\/div>[\/vc_column][vc_column width=&#8220;1\/4&#8243;]<div class=\"single_image wpb_content_element align-left    \" data-animation=\"none\" data-delay=\"0\"><a href=\"https:\/\/www.attensberger.de\/wp-content\/uploads\/2017\/10\/1-3.jpg\" class=\"prettyPhoto\" rel=\"prettyPhoto[image]\"><img loading=\"lazy\" decoding=\"async\" width=\"1600\" height=\"800\" src=\"https:\/\/www.attensberger.de\/wp-content\/uploads\/2017\/10\/1-3.jpg\" class=\"attachment-full\" alt=\"\" srcset=\"https:\/\/www.attensberger.de\/wp-content\/uploads\/2017\/10\/1-3.jpg 1600w, https:\/\/www.attensberger.de\/wp-content\/uploads\/2017\/10\/1-3-300x150.jpg 300w, https:\/\/www.attensberger.de\/wp-content\/uploads\/2017\/10\/1-3-768x384.jpg 768w, https:\/\/www.attensberger.de\/wp-content\/uploads\/2017\/10\/1-3-1024x512.jpg 1024w, https:\/\/www.attensberger.de\/wp-content\/uploads\/2017\/10\/1-3-1000x500.jpg 1000w\" sizes=\"auto, (max-width: 1600px) 100vw, 1600px\" \/><\/a><\/div>[\/vc_column][vc_column width=&#8220;1\/4&#8243;]<div class=\"single_image wpb_content_element align-left    \" data-animation=\"none\" data-delay=\"0\"><a href=\"https:\/\/www.attensberger.de\/wp-content\/uploads\/2017\/10\/3-3.jpg\" class=\"prettyPhoto\" rel=\"prettyPhoto[image]\"><img loading=\"lazy\" decoding=\"async\" width=\"1600\" height=\"800\" src=\"https:\/\/www.attensberger.de\/wp-content\/uploads\/2017\/10\/3-3.jpg\" class=\"attachment-full\" alt=\"\" srcset=\"https:\/\/www.attensberger.de\/wp-content\/uploads\/2017\/10\/3-3.jpg 1600w, https:\/\/www.attensberger.de\/wp-content\/uploads\/2017\/10\/3-3-300x150.jpg 300w, https:\/\/www.attensberger.de\/wp-content\/uploads\/2017\/10\/3-3-768x384.jpg 768w, https:\/\/www.attensberger.de\/wp-content\/uploads\/2017\/10\/3-3-1024x512.jpg 1024w, https:\/\/www.attensberger.de\/wp-content\/uploads\/2017\/10\/3-3-1000x500.jpg 1000w\" sizes=\"auto, (max-width: 1600px) 100vw, 1600px\" \/><\/a><\/div>[\/vc_column][vc_column width=&#8220;1\/4&#8243;]<div class=\"single_image wpb_content_element align-left    \" data-animation=\"none\" data-delay=\"0\"><a href=\"https:\/\/www.attensberger.de\/wp-content\/uploads\/2017\/10\/2-3.jpg\" class=\"prettyPhoto\" rel=\"prettyPhoto[image]\"><img loading=\"lazy\" decoding=\"async\" width=\"1600\" height=\"800\" src=\"https:\/\/www.attensberger.de\/wp-content\/uploads\/2017\/10\/2-3.jpg\" class=\"attachment-full\" alt=\"\" srcset=\"https:\/\/www.attensberger.de\/wp-content\/uploads\/2017\/10\/2-3.jpg 1600w, https:\/\/www.attensberger.de\/wp-content\/uploads\/2017\/10\/2-3-300x150.jpg 300w, https:\/\/www.attensberger.de\/wp-content\/uploads\/2017\/10\/2-3-768x384.jpg 768w, https:\/\/www.attensberger.de\/wp-content\/uploads\/2017\/10\/2-3-1024x512.jpg 1024w, https:\/\/www.attensberger.de\/wp-content\/uploads\/2017\/10\/2-3-1000x500.jpg 1000w\" sizes=\"auto, (max-width: 1600px) 100vw, 1600px\" \/><\/a><\/div>[\/vc_column][\/vc_row][vc_row][vc_column width=&#8220;1\/1&#8243;]<div class=\"spacer\" style=\"height: 40px;\"><\/div>[vc_column_text]<\/p>\n<h5><a href=\"http:\/\/www.wecoplastik.de\/deckenverkleidung\/deckenverkleidung.htm\" target=\"_blank\" rel=\"noopener\">Hygenische Deckenverkleidung von Wecoplastik<\/a><\/h5>\n<p>[\/vc_column_text]<div class=\"spacer\" style=\"height: 1px;\"><\/div>[\/vc_column][\/vc_row][vc_row][vc_column width=&#8220;1\/4&#8243;]<div class=\"single_image wpb_content_element align-left    \" data-animation=\"none\" data-delay=\"0\"><a href=\"https:\/\/www.attensberger.de\/wp-content\/uploads\/2017\/10\/4-4.jpg\" class=\"prettyPhoto\" rel=\"prettyPhoto[image]\"><img loading=\"lazy\" decoding=\"async\" width=\"500\" height=\"333\" src=\"https:\/\/www.attensberger.de\/wp-content\/uploads\/2017\/10\/4-4.jpg\" class=\"attachment-full\" alt=\"\" srcset=\"https:\/\/www.attensberger.de\/wp-content\/uploads\/2017\/10\/4-4.jpg 500w, https:\/\/www.attensberger.de\/wp-content\/uploads\/2017\/10\/4-4-300x200.jpg 300w\" sizes=\"auto, (max-width: 500px) 100vw, 500px\" \/><\/a><\/div>[\/vc_column][vc_column width=&#8220;1\/4&#8243;]<div class=\"single_image wpb_content_element align-left    \" data-animation=\"none\" data-delay=\"0\"><a href=\"https:\/\/www.attensberger.de\/wp-content\/uploads\/2017\/10\/3-4.jpg\" class=\"prettyPhoto\" rel=\"prettyPhoto[image]\"><img loading=\"lazy\" decoding=\"async\" width=\"500\" height=\"333\" src=\"https:\/\/www.attensberger.de\/wp-content\/uploads\/2017\/10\/3-4.jpg\" class=\"attachment-full\" alt=\"\" srcset=\"https:\/\/www.attensberger.de\/wp-content\/uploads\/2017\/10\/3-4.jpg 500w, https:\/\/www.attensberger.de\/wp-content\/uploads\/2017\/10\/3-4-300x200.jpg 300w\" sizes=\"auto, (max-width: 500px) 100vw, 500px\" \/><\/a><\/div>[\/vc_column][vc_column width=&#8220;1\/4&#8243;]<div class=\"single_image wpb_content_element align-left    \" data-animation=\"none\" data-delay=\"0\"><a href=\"https:\/\/www.attensberger.de\/wp-content\/uploads\/2017\/10\/5-4.jpg\" class=\"prettyPhoto\" rel=\"prettyPhoto[image]\"><img loading=\"lazy\" decoding=\"async\" width=\"500\" height=\"333\" src=\"https:\/\/www.attensberger.de\/wp-content\/uploads\/2017\/10\/5-4.jpg\" class=\"attachment-full\" alt=\"\" srcset=\"https:\/\/www.attensberger.de\/wp-content\/uploads\/2017\/10\/5-4.jpg 500w, https:\/\/www.attensberger.de\/wp-content\/uploads\/2017\/10\/5-4-300x200.jpg 300w\" sizes=\"auto, (max-width: 500px) 100vw, 500px\" \/><\/a><\/div>[\/vc_column][vc_column width=&#8220;1\/4&#8243;]<div class=\"single_image wpb_content_element align-left    \" data-animation=\"none\" data-delay=\"0\"><a href=\"https:\/\/www.attensberger.de\/wp-content\/uploads\/2017\/10\/2-4.jpg\" class=\"prettyPhoto\" rel=\"prettyPhoto[image]\"><img loading=\"lazy\" decoding=\"async\" width=\"640\" height=\"480\" src=\"https:\/\/www.attensberger.de\/wp-content\/uploads\/2017\/10\/2-4.jpg\" class=\"attachment-full\" alt=\"\" srcset=\"https:\/\/www.attensberger.de\/wp-content\/uploads\/2017\/10\/2-4.jpg 640w, https:\/\/www.attensberger.de\/wp-content\/uploads\/2017\/10\/2-4-300x225.jpg 300w\" sizes=\"auto, (max-width: 640px) 100vw, 640px\" \/><\/a><\/div>[\/vc_column][\/vc_row]<\/p>\n","protected":false},"excerpt":{"rendered":"<p>[vc_row][vc_column width=&#8220;1\/1&#8243;][vc_column_text]ADeckenverkleidungen aus Holz oder Kunststoff k\u00f6nnen Sie selbstverst\u00e4ndlich \u00fcber uns beziehen. Eine kurze \u00dcbersicht unseres Sortiments finden Sie auf den Seiten unserer Herstellungspartner.[\/vc_column_text][vc_column_text] Holz-Panele von Meister [\/vc_column_text][\/vc_column][\/vc_row][vc_row][vc_column width=&#8220;1\/4&#8243;][\/vc_column][vc_column width=&#8220;1\/4&#8243;][\/vc_column][vc_column width=&#8220;1\/4&#8243;][\/vc_column][vc_column width=&#8220;1\/4&#8243;][\/vc_column][\/vc_row][vc_row][vc_column width=&#8220;1\/1&#8243;][vc_column_text] Hygenische Deckenverkleidung von Wecoplastik [\/vc_column_text][\/vc_column][\/vc_row][vc_row][vc_column width=&#8220;1\/4&#8243;][\/vc_column][vc_column width=&#8220;1\/4&#8243;][\/vc_column][vc_column width=&#8220;1\/4&#8243;][\/vc_column][vc_column width=&#8220;1\/4&#8243;][\/vc_column][\/vc_row]<\/p>\n","protected":false},"author":1,"featured_media":0,"parent":9,"menu_order":0,"comment_status":"closed","ping_status":"closed","template":"","meta":{"footnotes":""},"class_list":["post-95","page","type-page","status-publish","hentry"],"_links":{"self":[{"href":"https:\/\/www.attensberger.de\/index.php\/wp-json\/wp\/v2\/pages\/95","targetHints":{"allow":["GET"]}}],"collection":[{"href":"https:\/\/www.attensberger.de\/index.php\/wp-json\/wp\/v2\/pages"}],"about":[{"href":"https:\/\/www.attensberger.de\/index.php\/wp-json\/wp\/v2\/types\/page"}],"author":[{"embeddable":true,"href":"https:\/\/www.attensberger.de\/index.php\/wp-json\/wp\/v2\/users\/1"}],"replies":[{"embeddable":true,"href":"https:\/\/www.attensberger.de\/index.php\/wp-json\/wp\/v2\/comments?post=95"}],"version-history":[{"count":7,"href":"https:\/\/www.attensberger.de\/index.php\/wp-json\/wp\/v2\/pages\/95\/revisions"}],"predecessor-version":[{"id":238,"href":"https:\/\/www.attensberger.de\/index.php\/wp-json\/wp\/v2\/pages\/95\/revisions\/238"}],"up":[{"embeddable":true,"href":"https:\/\/www.attensberger.de\/index.php\/wp-json\/wp\/v2\/pages\/9"}],"wp:attachment":[{"href":"https:\/\/www.attensberger.de\/index.php\/wp-json\/wp\/v2\/media?parent=95"}],"curies":[{"name":"wp","href":"https:\/\/api.w.org\/{rel}","templated":true}]}}