{"id":93,"date":"2017-10-24T15:55:37","date_gmt":"2017-10-24T13:55:37","guid":{"rendered":"http:\/\/www.attensberger.de\/?page_id=93"},"modified":"2017-10-25T12:46:11","modified_gmt":"2017-10-25T10:46:11","slug":"innentueren","status":"publish","type":"page","link":"https:\/\/www.attensberger.de\/index.php\/leistungen\/innentueren\/","title":{"rendered":"Innent\u00fcren"},"content":{"rendered":"<p>[vc_row][vc_column width=&#8220;1\/1&#8243;][vc_column_text]F\u00fcr Ihren Innenausbau bieten wir Ihnen Innent\u00fcren verschiedener namhafter Hersteller. Durch Klicken auf den Link des jeweiligen Herstellers k\u00f6nnen Sie sich selbst ein Bild machen.[\/vc_column_text]<div class=\"spacer\" style=\"height: 35px;\"><\/div>[vc_column_text]<\/p>\n<h5><a href=\"http:\/\/www.garant.de\/\" target=\"_blank\" rel=\"noopener noreferrer\">Innent\u00fcren von Garant<\/a><\/h5>\n<h5><a href=\"http:\/\/www.grauthoff.com\/de\/produkte\/cpl-schichtstoff\/\" target=\"_blank\" rel=\"noopener noreferrer\">Innent\u00fctren von Grauthoff<\/a><\/h5>\n<p>[\/vc_column_text]<div class=\"spacer\" style=\"height: 1px;\"><\/div>[\/vc_column][\/vc_row][vc_row][vc_column width=&#8220;1\/4&#8243;]<div class=\"single_image wpb_content_element align-left    \" data-animation=\"none\" data-delay=\"0\"><a href=\"https:\/\/www.attensberger.de\/wp-content\/uploads\/2017\/10\/phoca_thumb_l_2.jpg\" class=\"prettyPhoto\" rel=\"prettyPhoto[image]\"><img loading=\"lazy\" decoding=\"async\" width=\"339\" height=\"480\" src=\"https:\/\/www.attensberger.de\/wp-content\/uploads\/2017\/10\/phoca_thumb_l_2.jpg\" class=\"attachment-full\" alt=\"\" srcset=\"https:\/\/www.attensberger.de\/wp-content\/uploads\/2017\/10\/phoca_thumb_l_2.jpg 339w, https:\/\/www.attensberger.de\/wp-content\/uploads\/2017\/10\/phoca_thumb_l_2-212x300.jpg 212w\" sizes=\"auto, (max-width: 339px) 100vw, 339px\" \/><\/a><\/div>[\/vc_column][vc_column width=&#8220;1\/4&#8243;]<div class=\"single_image wpb_content_element align-left    \" data-animation=\"none\" data-delay=\"0\"><a href=\"https:\/\/www.attensberger.de\/wp-content\/uploads\/2017\/10\/phoca_thumb_l_5.jpg\" class=\"prettyPhoto\" rel=\"prettyPhoto[image]\"><img loading=\"lazy\" decoding=\"async\" width=\"319\" height=\"480\" src=\"https:\/\/www.attensberger.de\/wp-content\/uploads\/2017\/10\/phoca_thumb_l_5.jpg\" class=\"attachment-full\" alt=\"\" srcset=\"https:\/\/www.attensberger.de\/wp-content\/uploads\/2017\/10\/phoca_thumb_l_5.jpg 319w, https:\/\/www.attensberger.de\/wp-content\/uploads\/2017\/10\/phoca_thumb_l_5-199x300.jpg 199w\" sizes=\"auto, (max-width: 319px) 100vw, 319px\" \/><\/a><\/div>[\/vc_column][vc_column width=&#8220;1\/4&#8243;]<div class=\"single_image wpb_content_element align-left    \" data-animation=\"none\" data-delay=\"0\"><a href=\"https:\/\/www.attensberger.de\/wp-content\/uploads\/2017\/10\/phoca_thumb_l_5.jpg\" class=\"prettyPhoto\" rel=\"prettyPhoto[image]\"><img loading=\"lazy\" decoding=\"async\" width=\"319\" height=\"480\" src=\"https:\/\/www.attensberger.de\/wp-content\/uploads\/2017\/10\/phoca_thumb_l_5.jpg\" class=\"attachment-full\" alt=\"\" srcset=\"https:\/\/www.attensberger.de\/wp-content\/uploads\/2017\/10\/phoca_thumb_l_5.jpg 319w, https:\/\/www.attensberger.de\/wp-content\/uploads\/2017\/10\/phoca_thumb_l_5-199x300.jpg 199w\" sizes=\"auto, (max-width: 319px) 100vw, 319px\" \/><\/a><\/div>[\/vc_column][vc_column width=&#8220;1\/4&#8243;]<div class=\"single_image wpb_content_element align-left    \" data-animation=\"none\" data-delay=\"0\"><a href=\"https:\/\/www.attensberger.de\/wp-content\/uploads\/2017\/10\/phoca_thumb_l_4.jpg\" class=\"prettyPhoto\" rel=\"prettyPhoto[image]\"><img loading=\"lazy\" decoding=\"async\" width=\"330\" height=\"480\" src=\"https:\/\/www.attensberger.de\/wp-content\/uploads\/2017\/10\/phoca_thumb_l_4.jpg\" class=\"attachment-full\" alt=\"\" srcset=\"https:\/\/www.attensberger.de\/wp-content\/uploads\/2017\/10\/phoca_thumb_l_4.jpg 330w, https:\/\/www.attensberger.de\/wp-content\/uploads\/2017\/10\/phoca_thumb_l_4-206x300.jpg 206w\" sizes=\"auto, (max-width: 330px) 100vw, 330px\" \/><\/a><\/div>[\/vc_column][\/vc_row][vc_row][vc_column width=&#8220;1\/1&#8243;]<div class=\"spacer\" style=\"height: 10px;\"><\/div>[\/vc_column][\/vc_row][vc_row][vc_column width=&#8220;1\/4&#8243;]<div class=\"single_image wpb_content_element align-left    \" data-animation=\"none\" data-delay=\"0\"><a href=\"https:\/\/www.attensberger.de\/wp-content\/uploads\/2017\/10\/phoca_thumb_l_10.jpg\" class=\"prettyPhoto\" rel=\"prettyPhoto[image]\"><img loading=\"lazy\" decoding=\"async\" width=\"361\" height=\"480\" src=\"https:\/\/www.attensberger.de\/wp-content\/uploads\/2017\/10\/phoca_thumb_l_10.jpg\" class=\"attachment-full\" alt=\"\" srcset=\"https:\/\/www.attensberger.de\/wp-content\/uploads\/2017\/10\/phoca_thumb_l_10.jpg 361w, https:\/\/www.attensberger.de\/wp-content\/uploads\/2017\/10\/phoca_thumb_l_10-226x300.jpg 226w\" sizes=\"auto, (max-width: 361px) 100vw, 361px\" \/><\/a><\/div>[\/vc_column][vc_column width=&#8220;1\/4&#8243;]<div class=\"single_image wpb_content_element align-left    \" data-animation=\"none\" data-delay=\"0\"><a href=\"https:\/\/www.attensberger.de\/wp-content\/uploads\/2017\/10\/phoca_thumb_l_9.jpg\" class=\"prettyPhoto\" rel=\"prettyPhoto[image]\"><img loading=\"lazy\" decoding=\"async\" width=\"406\" height=\"480\" src=\"https:\/\/www.attensberger.de\/wp-content\/uploads\/2017\/10\/phoca_thumb_l_9.jpg\" class=\"attachment-full\" alt=\"\" srcset=\"https:\/\/www.attensberger.de\/wp-content\/uploads\/2017\/10\/phoca_thumb_l_9.jpg 406w, https:\/\/www.attensberger.de\/wp-content\/uploads\/2017\/10\/phoca_thumb_l_9-254x300.jpg 254w\" sizes=\"auto, (max-width: 406px) 100vw, 406px\" \/><\/a><\/div>[\/vc_column][vc_column width=&#8220;1\/4&#8243;]<div class=\"single_image wpb_content_element align-left    \" data-animation=\"none\" data-delay=\"0\"><a href=\"https:\/\/www.attensberger.de\/wp-content\/uploads\/2017\/10\/phoca_thumb_l_7.jpg\" class=\"prettyPhoto\" rel=\"prettyPhoto[image]\"><img loading=\"lazy\" decoding=\"async\" width=\"418\" height=\"480\" src=\"https:\/\/www.attensberger.de\/wp-content\/uploads\/2017\/10\/phoca_thumb_l_7.jpg\" class=\"attachment-full\" alt=\"\" srcset=\"https:\/\/www.attensberger.de\/wp-content\/uploads\/2017\/10\/phoca_thumb_l_7.jpg 418w, https:\/\/www.attensberger.de\/wp-content\/uploads\/2017\/10\/phoca_thumb_l_7-261x300.jpg 261w\" sizes=\"auto, (max-width: 418px) 100vw, 418px\" \/><\/a><\/div>[\/vc_column][vc_column width=&#8220;1\/4&#8243;]<div class=\"single_image wpb_content_element align-left    \" data-animation=\"none\" data-delay=\"0\"><a href=\"https:\/\/www.attensberger.de\/wp-content\/uploads\/2017\/10\/phoca_thumb_l_1.jpg\" class=\"prettyPhoto\" rel=\"prettyPhoto[image]\"><img loading=\"lazy\" decoding=\"async\" width=\"507\" height=\"480\" src=\"https:\/\/www.attensberger.de\/wp-content\/uploads\/2017\/10\/phoca_thumb_l_1.jpg\" class=\"attachment-full\" alt=\"\" srcset=\"https:\/\/www.attensberger.de\/wp-content\/uploads\/2017\/10\/phoca_thumb_l_1.jpg 507w, https:\/\/www.attensberger.de\/wp-content\/uploads\/2017\/10\/phoca_thumb_l_1-300x284.jpg 300w\" sizes=\"auto, (max-width: 507px) 100vw, 507px\" \/><\/a><\/div>[\/vc_column][\/vc_row]<\/p>\n","protected":false},"excerpt":{"rendered":"<p>[vc_row][vc_column width=&#8220;1\/1&#8243;][vc_column_text]F\u00fcr Ihren Innenausbau bieten wir Ihnen Innent\u00fcren verschiedener namhafter Hersteller. Durch Klicken auf den Link des jeweiligen Herstellers k\u00f6nnen Sie sich selbst ein Bild machen.[\/vc_column_text][vc_column_text] Innent\u00fcren von Garant Innent\u00fctren von Grauthoff [\/vc_column_text][\/vc_column][\/vc_row][vc_row][vc_column width=&#8220;1\/4&#8243;][\/vc_column][vc_column width=&#8220;1\/4&#8243;][\/vc_column][vc_column width=&#8220;1\/4&#8243;][\/vc_column][vc_column width=&#8220;1\/4&#8243;][\/vc_column][\/vc_row][vc_row][vc_column width=&#8220;1\/1&#8243;][\/vc_column][\/vc_row][vc_row][vc_column width=&#8220;1\/4&#8243;][\/vc_column][vc_column width=&#8220;1\/4&#8243;][\/vc_column][vc_column width=&#8220;1\/4&#8243;][\/vc_column][vc_column width=&#8220;1\/4&#8243;][\/vc_column][\/vc_row]<\/p>\n","protected":false},"author":1,"featured_media":0,"parent":9,"menu_order":0,"comment_status":"closed","ping_status":"closed","template":"","meta":{"footnotes":""},"class_list":["post-93","page","type-page","status-publish","hentry"],"_links":{"self":[{"href":"https:\/\/www.attensberger.de\/index.php\/wp-json\/wp\/v2\/pages\/93","targetHints":{"allow":["GET"]}}],"collection":[{"href":"https:\/\/www.attensberger.de\/index.php\/wp-json\/wp\/v2\/pages"}],"about":[{"href":"https:\/\/www.attensberger.de\/index.php\/wp-json\/wp\/v2\/types\/page"}],"author":[{"embeddable":true,"href":"https:\/\/www.attensberger.de\/index.php\/wp-json\/wp\/v2\/users\/1"}],"replies":[{"embeddable":true,"href":"https:\/\/www.attensberger.de\/index.php\/wp-json\/wp\/v2\/comments?post=93"}],"version-history":[{"count":11,"href":"https:\/\/www.attensberger.de\/index.php\/wp-json\/wp\/v2\/pages\/93\/revisions"}],"predecessor-version":[{"id":222,"href":"https:\/\/www.attensberger.de\/index.php\/wp-json\/wp\/v2\/pages\/93\/revisions\/222"}],"up":[{"embeddable":true,"href":"https:\/\/www.attensberger.de\/index.php\/wp-json\/wp\/v2\/pages\/9"}],"wp:attachment":[{"href":"https:\/\/www.attensberger.de\/index.php\/wp-json\/wp\/v2\/media?parent=93"}],"curies":[{"name":"wp","href":"https:\/\/api.w.org\/{rel}","templated":true}]}}