{"id":91,"date":"2017-10-24T15:55:30","date_gmt":"2017-10-24T13:55:30","guid":{"rendered":"http:\/\/www.attensberger.de\/?page_id=91"},"modified":"2017-10-25T12:39:05","modified_gmt":"2017-10-25T10:39:05","slug":"wintergaerten","status":"publish","type":"page","link":"https:\/\/www.attensberger.de\/index.php\/leistungen\/wintergaerten\/","title":{"rendered":"Winterg\u00e4rten"},"content":{"rendered":"<p>[vc_row][vc_column width=&#8220;1\/1&#8243;][vc_column_text]Ihren Wintergarten k\u00f6nnen Sie direkt \u00fcber uns beziehen. Wir liefern Ihnen auch hier ein gro\u00dfes Sortiment unseres langj\u00e4hrigen Partners H\u00f6hbauer. Gerne k\u00f6nnen Sich sich direkt auf den Seitens der Hersteller umsehen.[\/vc_column_text]<div class=\"spacer\" style=\"height: 35px;\"><\/div>[vc_column_text]<\/p>\n<h5><a href=\"http:\/\/www.hoehbauer.com\/holz-wintergaerten.html\" target=\"_blank\" rel=\"noopener\">Holz Winterg\u00e4rten von H\u00f6hbauer<\/a><\/h5>\n<h5><a href=\"http:\/\/www.hoehbauer.com\/holz-alu-wintergaerten.html\" target=\"_blank\" rel=\"noopener\">Holz-Alu Winterg\u00e4rten von H\u00f6hbauer<\/a><\/h5>\n<h5><a href=\"http:\/\/www.hoehbauer.com\/kunststoff-wintergaerten.html\" target=\"_blank\" rel=\"noopener\">Kunststoff Winterg\u00e4rten von H\u00f6hbauer<\/a><\/h5>\n<p>[\/vc_column_text]<div class=\"spacer\" style=\"height: 1px;\"><\/div>[\/vc_column][\/vc_row][vc_row][vc_column width=&#8220;1\/4&#8243;]<div class=\"single_image wpb_content_element align-left    \" data-animation=\"none\" data-delay=\"0\"><a href=\"https:\/\/www.attensberger.de\/wp-content\/uploads\/2017\/10\/referenzen_wg_k_1006_01.jpg\" class=\"prettyPhoto\" rel=\"prettyPhoto[image]\"><img loading=\"lazy\" decoding=\"async\" width=\"550\" height=\"366\" src=\"https:\/\/www.attensberger.de\/wp-content\/uploads\/2017\/10\/referenzen_wg_k_1006_01.jpg\" class=\"attachment-full\" alt=\"\" srcset=\"https:\/\/www.attensberger.de\/wp-content\/uploads\/2017\/10\/referenzen_wg_k_1006_01.jpg 550w, https:\/\/www.attensberger.de\/wp-content\/uploads\/2017\/10\/referenzen_wg_k_1006_01-300x200.jpg 300w\" sizes=\"auto, (max-width: 550px) 100vw, 550px\" \/><\/a><\/div>[\/vc_column][vc_column width=&#8220;1\/4&#8243;]<div class=\"single_image wpb_content_element align-left    \" data-animation=\"none\" data-delay=\"0\"><a href=\"https:\/\/www.attensberger.de\/wp-content\/uploads\/2017\/10\/2neu.jpg\" class=\"prettyPhoto\" rel=\"prettyPhoto[image]\"><img loading=\"lazy\" decoding=\"async\" width=\"550\" height=\"366\" src=\"https:\/\/www.attensberger.de\/wp-content\/uploads\/2017\/10\/2neu.jpg\" class=\"attachment-full\" alt=\"\" srcset=\"https:\/\/www.attensberger.de\/wp-content\/uploads\/2017\/10\/2neu.jpg 550w, https:\/\/www.attensberger.de\/wp-content\/uploads\/2017\/10\/2neu-300x200.jpg 300w\" sizes=\"auto, (max-width: 550px) 100vw, 550px\" \/><\/a><\/div>[\/vc_column][vc_column width=&#8220;1\/4&#8243;]<div class=\"single_image wpb_content_element align-left    \" data-animation=\"none\" data-delay=\"0\"><a href=\"https:\/\/www.attensberger.de\/wp-content\/uploads\/2017\/10\/referenzen_wg_ha_1002_01.jpg\" class=\"prettyPhoto\" rel=\"prettyPhoto[image]\"><img loading=\"lazy\" decoding=\"async\" width=\"550\" height=\"366\" src=\"https:\/\/www.attensberger.de\/wp-content\/uploads\/2017\/10\/referenzen_wg_ha_1002_01.jpg\" class=\"attachment-full\" alt=\"\" srcset=\"https:\/\/www.attensberger.de\/wp-content\/uploads\/2017\/10\/referenzen_wg_ha_1002_01.jpg 550w, https:\/\/www.attensberger.de\/wp-content\/uploads\/2017\/10\/referenzen_wg_ha_1002_01-300x200.jpg 300w\" sizes=\"auto, (max-width: 550px) 100vw, 550px\" \/><\/a><\/div>[\/vc_column][vc_column width=&#8220;1\/4&#8243;]<div class=\"single_image wpb_content_element align-left    \" data-animation=\"none\" data-delay=\"0\"><a href=\"https:\/\/www.attensberger.de\/wp-content\/uploads\/2017\/10\/0df9147f1d.jpg\" class=\"prettyPhoto\" rel=\"prettyPhoto[image]\"><img loading=\"lazy\" decoding=\"async\" width=\"177\" height=\"118\" src=\"https:\/\/www.attensberger.de\/wp-content\/uploads\/2017\/10\/0df9147f1d.jpg\" class=\"attachment-full\" alt=\"\" \/><\/a><\/div>[\/vc_column][\/vc_row][vc_row][vc_column width=&#8220;1\/1&#8243;]<div class=\"spacer\" style=\"height: 10px;\"><\/div>[\/vc_column][\/vc_row][vc_row][vc_column width=&#8220;1\/4&#8243;]<div class=\"single_image wpb_content_element align-left    \" data-animation=\"none\" data-delay=\"0\"><a href=\"https:\/\/www.attensberger.de\/wp-content\/uploads\/2017\/10\/referenzen_wg_ha_1008_01.jpg\" class=\"prettyPhoto\" rel=\"prettyPhoto[image]\"><img loading=\"lazy\" decoding=\"async\" width=\"550\" height=\"366\" src=\"https:\/\/www.attensberger.de\/wp-content\/uploads\/2017\/10\/referenzen_wg_ha_1008_01.jpg\" class=\"attachment-full\" alt=\"\" srcset=\"https:\/\/www.attensberger.de\/wp-content\/uploads\/2017\/10\/referenzen_wg_ha_1008_01.jpg 550w, https:\/\/www.attensberger.de\/wp-content\/uploads\/2017\/10\/referenzen_wg_ha_1008_01-300x200.jpg 300w\" sizes=\"auto, (max-width: 550px) 100vw, 550px\" \/><\/a><\/div>[\/vc_column][vc_column width=&#8220;1\/4&#8243;]<div class=\"single_image wpb_content_element align-left    \" data-animation=\"none\" data-delay=\"0\"><a href=\"https:\/\/www.attensberger.de\/wp-content\/uploads\/2017\/10\/referenzen_wg_ha_1007_01.jpg\" class=\"prettyPhoto\" rel=\"prettyPhoto[image]\"><img loading=\"lazy\" decoding=\"async\" width=\"550\" height=\"366\" src=\"https:\/\/www.attensberger.de\/wp-content\/uploads\/2017\/10\/referenzen_wg_ha_1007_01.jpg\" class=\"attachment-full\" alt=\"\" srcset=\"https:\/\/www.attensberger.de\/wp-content\/uploads\/2017\/10\/referenzen_wg_ha_1007_01.jpg 550w, https:\/\/www.attensberger.de\/wp-content\/uploads\/2017\/10\/referenzen_wg_ha_1007_01-300x200.jpg 300w\" sizes=\"auto, (max-width: 550px) 100vw, 550px\" \/><\/a><\/div>[\/vc_column][vc_column width=&#8220;1\/4&#8243;]<div class=\"single_image wpb_content_element align-left    \" data-animation=\"none\" data-delay=\"0\"><a href=\"https:\/\/www.attensberger.de\/wp-content\/uploads\/2017\/10\/referenzen_wg_ha_1006_01.jpg\" class=\"prettyPhoto\" rel=\"prettyPhoto[image]\"><img loading=\"lazy\" decoding=\"async\" width=\"550\" height=\"366\" src=\"https:\/\/www.attensberger.de\/wp-content\/uploads\/2017\/10\/referenzen_wg_ha_1006_01.jpg\" class=\"attachment-full\" alt=\"\" srcset=\"https:\/\/www.attensberger.de\/wp-content\/uploads\/2017\/10\/referenzen_wg_ha_1006_01.jpg 550w, https:\/\/www.attensberger.de\/wp-content\/uploads\/2017\/10\/referenzen_wg_ha_1006_01-300x200.jpg 300w\" sizes=\"auto, (max-width: 550px) 100vw, 550px\" \/><\/a><\/div>[\/vc_column][vc_column width=&#8220;1\/4&#8243;]<div class=\"single_image wpb_content_element align-left    \" data-animation=\"none\" data-delay=\"0\"><a href=\"https:\/\/www.attensberger.de\/wp-content\/uploads\/2017\/10\/referenzen_wg_h_1008_01.jpg\" class=\"prettyPhoto\" rel=\"prettyPhoto[image]\"><img loading=\"lazy\" decoding=\"async\" width=\"550\" height=\"366\" src=\"https:\/\/www.attensberger.de\/wp-content\/uploads\/2017\/10\/referenzen_wg_h_1008_01.jpg\" class=\"attachment-full\" alt=\"\" srcset=\"https:\/\/www.attensberger.de\/wp-content\/uploads\/2017\/10\/referenzen_wg_h_1008_01.jpg 550w, https:\/\/www.attensberger.de\/wp-content\/uploads\/2017\/10\/referenzen_wg_h_1008_01-300x200.jpg 300w\" sizes=\"auto, (max-width: 550px) 100vw, 550px\" \/><\/a><\/div>[\/vc_column][\/vc_row]<\/p>\n","protected":false},"excerpt":{"rendered":"<p>[vc_row][vc_column width=&#8220;1\/1&#8243;][vc_column_text]Ihren Wintergarten k\u00f6nnen Sie direkt \u00fcber uns beziehen. Wir liefern Ihnen auch hier ein gro\u00dfes Sortiment unseres langj\u00e4hrigen Partners H\u00f6hbauer. Gerne k\u00f6nnen Sich sich direkt auf den Seitens der Hersteller umsehen.[\/vc_column_text][vc_column_text] Holz Winterg\u00e4rten von H\u00f6hbauer Holz-Alu Winterg\u00e4rten von H\u00f6hbauer Kunststoff Winterg\u00e4rten von H\u00f6hbauer [\/vc_column_text][\/vc_column][\/vc_row][vc_row][vc_column width=&#8220;1\/4&#8243;][\/vc_column][vc_column width=&#8220;1\/4&#8243;][\/vc_column][vc_column width=&#8220;1\/4&#8243;][\/vc_column][vc_column width=&#8220;1\/4&#8243;][\/vc_column][\/vc_row][vc_row][vc_column width=&#8220;1\/1&#8243;][\/vc_column][\/vc_row][vc_row][vc_column width=&#8220;1\/4&#8243;][\/vc_column][vc_column width=&#8220;1\/4&#8243;][\/vc_column][vc_column width=&#8220;1\/4&#8243;][\/vc_column][vc_column width=&#8220;1\/4&#8243;][\/vc_column][\/vc_row]<\/p>\n","protected":false},"author":1,"featured_media":0,"parent":9,"menu_order":0,"comment_status":"closed","ping_status":"closed","template":"","meta":{"footnotes":""},"class_list":["post-91","page","type-page","status-publish","hentry"],"_links":{"self":[{"href":"https:\/\/www.attensberger.de\/index.php\/wp-json\/wp\/v2\/pages\/91","targetHints":{"allow":["GET"]}}],"collection":[{"href":"https:\/\/www.attensberger.de\/index.php\/wp-json\/wp\/v2\/pages"}],"about":[{"href":"https:\/\/www.attensberger.de\/index.php\/wp-json\/wp\/v2\/types\/page"}],"author":[{"embeddable":true,"href":"https:\/\/www.attensberger.de\/index.php\/wp-json\/wp\/v2\/users\/1"}],"replies":[{"embeddable":true,"href":"https:\/\/www.attensberger.de\/index.php\/wp-json\/wp\/v2\/comments?post=91"}],"version-history":[{"count":9,"href":"https:\/\/www.attensberger.de\/index.php\/wp-json\/wp\/v2\/pages\/91\/revisions"}],"predecessor-version":[{"id":202,"href":"https:\/\/www.attensberger.de\/index.php\/wp-json\/wp\/v2\/pages\/91\/revisions\/202"}],"up":[{"embeddable":true,"href":"https:\/\/www.attensberger.de\/index.php\/wp-json\/wp\/v2\/pages\/9"}],"wp:attachment":[{"href":"https:\/\/www.attensberger.de\/index.php\/wp-json\/wp\/v2\/media?parent=91"}],"curies":[{"name":"wp","href":"https:\/\/api.w.org\/{rel}","templated":true}]}}