{"id":87,"date":"2017-10-24T15:55:07","date_gmt":"2017-10-24T13:55:07","guid":{"rendered":"http:\/\/www.attensberger.de\/?page_id=87"},"modified":"2017-10-25T12:26:09","modified_gmt":"2017-10-25T10:26:09","slug":"fenster","status":"publish","type":"page","link":"https:\/\/www.attensberger.de\/index.php\/leistungen\/fenster\/","title":{"rendered":"Fenster"},"content":{"rendered":"<p>[vc_row][vc_column width=&#8220;1\/1&#8243;][vc_column_text]Als Ihr zuverl\u00e4ssiger Partner in Sachen Ausbau bieten wir Ihnen eine gro\u00dfe Auswahl an Fenstern namhafter Hersteller. Auf den Seiten des Hersteller k\u00f6nnen Sie sich selbst einen Eindruck machen. Alle dort angebotenen Fenster k\u00f6nnen Sie selbstverst\u00e4ndlich \u00fcber uns beziehen.[\/vc_column_text]<div class=\"spacer\" style=\"height: 35px;\"><\/div>[vc_column_text]<\/p>\n<h5><a href=\"http:\/\/www.hoehbauer.com\/produkte.html\" target=\"_blank\" rel=\"noopener noreferrer\">H\u00f6hbauer Kunststoff \/ Holz \/ Holz-Alu Fenster<\/a><\/h5>\n<p>[\/vc_column_text]<div class=\"spacer\" style=\"height: 1px;\"><\/div>[\/vc_column][\/vc_row][vc_row][vc_column width=&#8220;1\/6&#8243;]<div class=\"single_image wpb_content_element align-left    \" data-animation=\"none\" data-delay=\"0\"><a href=\"https:\/\/www.attensberger.de\/wp-content\/uploads\/2017\/10\/2.jpg\" class=\"prettyPhoto\" rel=\"prettyPhoto[image]\"><img loading=\"lazy\" decoding=\"async\" width=\"550\" height=\"366\" src=\"https:\/\/www.attensberger.de\/wp-content\/uploads\/2017\/10\/2.jpg\" class=\"attachment-full\" alt=\"\" srcset=\"https:\/\/www.attensberger.de\/wp-content\/uploads\/2017\/10\/2.jpg 550w, https:\/\/www.attensberger.de\/wp-content\/uploads\/2017\/10\/2-300x200.jpg 300w\" sizes=\"auto, (max-width: 550px) 100vw, 550px\" \/><\/a><\/div>[\/vc_column][vc_column width=&#8220;1\/6&#8243;]<div class=\"single_image wpb_content_element align-left    \" data-animation=\"none\" data-delay=\"0\"><a href=\"https:\/\/www.attensberger.de\/wp-content\/uploads\/2017\/10\/4.jpg\" class=\"prettyPhoto\" rel=\"prettyPhoto[image]\"><img loading=\"lazy\" decoding=\"async\" width=\"550\" height=\"366\" src=\"https:\/\/www.attensberger.de\/wp-content\/uploads\/2017\/10\/4.jpg\" class=\"attachment-full\" alt=\"\" srcset=\"https:\/\/www.attensberger.de\/wp-content\/uploads\/2017\/10\/4.jpg 550w, https:\/\/www.attensberger.de\/wp-content\/uploads\/2017\/10\/4-300x200.jpg 300w\" sizes=\"auto, (max-width: 550px) 100vw, 550px\" \/><\/a><\/div>[\/vc_column][vc_column width=&#8220;1\/6&#8243;]<div class=\"single_image wpb_content_element align-left    \" data-animation=\"none\" data-delay=\"0\"><a href=\"https:\/\/www.attensberger.de\/wp-content\/uploads\/2017\/10\/1.jpg\" class=\"prettyPhoto\" rel=\"prettyPhoto[image]\"><img loading=\"lazy\" decoding=\"async\" width=\"550\" height=\"366\" src=\"https:\/\/www.attensberger.de\/wp-content\/uploads\/2017\/10\/1.jpg\" class=\"attachment-full\" alt=\"\" srcset=\"https:\/\/www.attensberger.de\/wp-content\/uploads\/2017\/10\/1.jpg 550w, https:\/\/www.attensberger.de\/wp-content\/uploads\/2017\/10\/1-300x200.jpg 300w\" sizes=\"auto, (max-width: 550px) 100vw, 550px\" \/><\/a><\/div>[\/vc_column][vc_column width=&#8220;1\/6&#8243;]<div class=\"single_image wpb_content_element align-left    \" data-animation=\"none\" data-delay=\"0\"><a href=\"https:\/\/www.attensberger.de\/wp-content\/uploads\/2017\/10\/5.jpg\" class=\"prettyPhoto\" rel=\"prettyPhoto[image]\"><img loading=\"lazy\" decoding=\"async\" width=\"550\" height=\"366\" src=\"https:\/\/www.attensberger.de\/wp-content\/uploads\/2017\/10\/5.jpg\" class=\"attachment-full\" alt=\"\" srcset=\"https:\/\/www.attensberger.de\/wp-content\/uploads\/2017\/10\/5.jpg 550w, https:\/\/www.attensberger.de\/wp-content\/uploads\/2017\/10\/5-300x200.jpg 300w\" sizes=\"auto, (max-width: 550px) 100vw, 550px\" \/><\/a><\/div>[\/vc_column][vc_column width=&#8220;1\/6&#8243;]<div class=\"single_image wpb_content_element align-left    \" data-animation=\"none\" data-delay=\"0\"><a href=\"https:\/\/www.attensberger.de\/wp-content\/uploads\/2017\/10\/3.jpg\" class=\"prettyPhoto\" rel=\"prettyPhoto[image]\"><img loading=\"lazy\" decoding=\"async\" width=\"550\" height=\"366\" src=\"https:\/\/www.attensberger.de\/wp-content\/uploads\/2017\/10\/3.jpg\" class=\"attachment-full\" alt=\"\" srcset=\"https:\/\/www.attensberger.de\/wp-content\/uploads\/2017\/10\/3.jpg 550w, https:\/\/www.attensberger.de\/wp-content\/uploads\/2017\/10\/3-300x200.jpg 300w\" sizes=\"auto, (max-width: 550px) 100vw, 550px\" \/><\/a><\/div>[\/vc_column][vc_column width=&#8220;1\/6&#8243;][\/vc_column][\/vc_row][vc_row][vc_column width=&#8220;1\/1&#8243;]<div class=\"spacer\" style=\"height: 40px;\"><\/div>[vc_column_text]<\/p>\n<h5><a href=\"https:\/\/www.gugelfuss.de\/de\/fenster\" target=\"_blank\" rel=\"noopener noreferrer\">Gugelfuss Kunststoff \/ Holz \/ Alu \/ TopAlu \/ Kunststoff-Alu Fenster<\/a><\/h5>\n<p>[\/vc_column_text]<div class=\"spacer\" style=\"height: 1px;\"><\/div>[\/vc_column][\/vc_row][vc_row][vc_column width=&#8220;1\/6&#8243;]<div class=\"single_image wpb_content_element align-left    \" data-animation=\"none\" data-delay=\"0\"><a href=\"https:\/\/www.attensberger.de\/wp-content\/uploads\/2017\/10\/3-1.jpg\" class=\"prettyPhoto\" rel=\"prettyPhoto[image]\"><img loading=\"lazy\" decoding=\"async\" width=\"700\" height=\"318\" src=\"https:\/\/www.attensberger.de\/wp-content\/uploads\/2017\/10\/3-1.jpg\" class=\"attachment-full\" alt=\"\" srcset=\"https:\/\/www.attensberger.de\/wp-content\/uploads\/2017\/10\/3-1.jpg 700w, https:\/\/www.attensberger.de\/wp-content\/uploads\/2017\/10\/3-1-300x136.jpg 300w\" sizes=\"auto, (max-width: 700px) 100vw, 700px\" \/><\/a><\/div>[\/vc_column][vc_column width=&#8220;1\/6&#8243;]<div class=\"single_image wpb_content_element align-left    \" data-animation=\"none\" data-delay=\"0\"><a href=\"https:\/\/www.attensberger.de\/wp-content\/uploads\/2017\/10\/5-1.jpg\" class=\"prettyPhoto\" rel=\"prettyPhoto[image]\"><img loading=\"lazy\" decoding=\"async\" width=\"700\" height=\"318\" src=\"https:\/\/www.attensberger.de\/wp-content\/uploads\/2017\/10\/5-1.jpg\" class=\"attachment-full\" alt=\"\" srcset=\"https:\/\/www.attensberger.de\/wp-content\/uploads\/2017\/10\/5-1.jpg 700w, https:\/\/www.attensberger.de\/wp-content\/uploads\/2017\/10\/5-1-300x136.jpg 300w\" sizes=\"auto, (max-width: 700px) 100vw, 700px\" \/><\/a><\/div>[\/vc_column][vc_column width=&#8220;1\/6&#8243;]<div class=\"single_image wpb_content_element align-left    \" data-animation=\"none\" data-delay=\"0\"><a href=\"https:\/\/www.attensberger.de\/wp-content\/uploads\/2017\/10\/2-1.jpg\" class=\"prettyPhoto\" rel=\"prettyPhoto[image]\"><img loading=\"lazy\" decoding=\"async\" width=\"700\" height=\"318\" src=\"https:\/\/www.attensberger.de\/wp-content\/uploads\/2017\/10\/2-1.jpg\" class=\"attachment-full\" alt=\"\" srcset=\"https:\/\/www.attensberger.de\/wp-content\/uploads\/2017\/10\/2-1.jpg 700w, https:\/\/www.attensberger.de\/wp-content\/uploads\/2017\/10\/2-1-300x136.jpg 300w\" sizes=\"auto, (max-width: 700px) 100vw, 700px\" \/><\/a><\/div>[\/vc_column][vc_column width=&#8220;1\/6&#8243;]<div class=\"single_image wpb_content_element align-left    \" data-animation=\"none\" data-delay=\"0\"><a href=\"https:\/\/www.attensberger.de\/wp-content\/uploads\/2017\/10\/1-1.jpg\" class=\"prettyPhoto\" rel=\"prettyPhoto[image]\"><img loading=\"lazy\" decoding=\"async\" width=\"700\" height=\"318\" src=\"https:\/\/www.attensberger.de\/wp-content\/uploads\/2017\/10\/1-1.jpg\" class=\"attachment-full\" alt=\"\" srcset=\"https:\/\/www.attensberger.de\/wp-content\/uploads\/2017\/10\/1-1.jpg 700w, https:\/\/www.attensberger.de\/wp-content\/uploads\/2017\/10\/1-1-300x136.jpg 300w\" sizes=\"auto, (max-width: 700px) 100vw, 700px\" \/><\/a><\/div>[\/vc_column][vc_column width=&#8220;1\/6&#8243;]<div class=\"single_image wpb_content_element align-left    \" data-animation=\"none\" data-delay=\"0\"><a href=\"https:\/\/www.attensberger.de\/wp-content\/uploads\/2017\/10\/4-1.jpg\" class=\"prettyPhoto\" rel=\"prettyPhoto[image]\"><img loading=\"lazy\" decoding=\"async\" width=\"700\" height=\"318\" src=\"https:\/\/www.attensberger.de\/wp-content\/uploads\/2017\/10\/4-1.jpg\" class=\"attachment-full\" alt=\"\" srcset=\"https:\/\/www.attensberger.de\/wp-content\/uploads\/2017\/10\/4-1.jpg 700w, https:\/\/www.attensberger.de\/wp-content\/uploads\/2017\/10\/4-1-300x136.jpg 300w\" sizes=\"auto, (max-width: 700px) 100vw, 700px\" \/><\/a><\/div>[\/vc_column][vc_column width=&#8220;1\/6&#8243;][\/vc_column][\/vc_row]<\/p>\n","protected":false},"excerpt":{"rendered":"<p>[vc_row][vc_column width=&#8220;1\/1&#8243;][vc_column_text]Als Ihr zuverl\u00e4ssiger Partner in Sachen Ausbau bieten wir Ihnen eine gro\u00dfe Auswahl an Fenstern namhafter Hersteller. Auf den Seiten des Hersteller k\u00f6nnen Sie sich selbst einen Eindruck machen. Alle dort angebotenen Fenster k\u00f6nnen Sie selbstverst\u00e4ndlich \u00fcber uns beziehen.[\/vc_column_text][vc_column_text] H\u00f6hbauer Kunststoff \/ Holz \/ Holz-Alu Fenster [\/vc_column_text][\/vc_column][\/vc_row][vc_row][vc_column width=&#8220;1\/6&#8243;][\/vc_column][vc_column width=&#8220;1\/6&#8243;][\/vc_column][vc_column width=&#8220;1\/6&#8243;][\/vc_column][vc_column width=&#8220;1\/6&#8243;][\/vc_column][vc_column width=&#8220;1\/6&#8243;][\/vc_column][vc_column width=&#8220;1\/6&#8243;][\/vc_column][\/vc_row][vc_row][vc_column width=&#8220;1\/1&#8243;][vc_column_text] Gugelfuss Kunststoff \/ Holz \/ Alu \/ TopAlu \/ Kunststoff-Alu Fenster [\/vc_column_text][\/vc_column][\/vc_row][vc_row][vc_column width=&#8220;1\/6&#8243;][\/vc_column][vc_column width=&#8220;1\/6&#8243;][\/vc_column][vc_column width=&#8220;1\/6&#8243;][\/vc_column][vc_column width=&#8220;1\/6&#8243;][\/vc_column][vc_column width=&#8220;1\/6&#8243;][\/vc_column][vc_column width=&#8220;1\/6&#8243;][\/vc_column][\/vc_row]<\/p>\n","protected":false},"author":1,"featured_media":0,"parent":9,"menu_order":0,"comment_status":"closed","ping_status":"closed","template":"","meta":{"footnotes":""},"class_list":["post-87","page","type-page","status-publish","hentry"],"_links":{"self":[{"href":"https:\/\/www.attensberger.de\/index.php\/wp-json\/wp\/v2\/pages\/87","targetHints":{"allow":["GET"]}}],"collection":[{"href":"https:\/\/www.attensberger.de\/index.php\/wp-json\/wp\/v2\/pages"}],"about":[{"href":"https:\/\/www.attensberger.de\/index.php\/wp-json\/wp\/v2\/types\/page"}],"author":[{"embeddable":true,"href":"https:\/\/www.attensberger.de\/index.php\/wp-json\/wp\/v2\/users\/1"}],"replies":[{"embeddable":true,"href":"https:\/\/www.attensberger.de\/index.php\/wp-json\/wp\/v2\/comments?post=87"}],"version-history":[{"count":30,"href":"https:\/\/www.attensberger.de\/index.php\/wp-json\/wp\/v2\/pages\/87\/revisions"}],"predecessor-version":[{"id":168,"href":"https:\/\/www.attensberger.de\/index.php\/wp-json\/wp\/v2\/pages\/87\/revisions\/168"}],"up":[{"embeddable":true,"href":"https:\/\/www.attensberger.de\/index.php\/wp-json\/wp\/v2\/pages\/9"}],"wp:attachment":[{"href":"https:\/\/www.attensberger.de\/index.php\/wp-json\/wp\/v2\/media?parent=87"}],"curies":[{"name":"wp","href":"https:\/\/api.w.org\/{rel}","templated":true}]}}