{"id":13,"date":"2017-04-07T10:39:33","date_gmt":"2017-04-07T08:39:33","guid":{"rendered":"http:\/\/www.attensberger.de\/?page_id=13"},"modified":"2020-11-15T21:53:29","modified_gmt":"2020-11-15T20:53:29","slug":"ueber-uns","status":"publish","type":"page","link":"https:\/\/www.attensberger.de\/index.php\/ueber-uns\/","title":{"rendered":"\u00dcber Uns"},"content":{"rendered":"<p>[vc_row][vc_column width=&#8220;1\/2&#8243;][vc_column_text]<\/p>\n<h3><strong>\u00dcber Uns<\/strong><\/h3>\n<p>[\/vc_column_text]<div class=\"single_image wpb_content_element align-left    \" data-animation=\"none\" data-delay=\"0\"><img loading=\"lazy\" decoding=\"async\" width=\"510\" height=\"340\" src=\"https:\/\/www.attensberger.de\/wp-content\/uploads\/2017\/04\/team3-1.jpg\" class=\"attachment-full\" alt=\"\" srcset=\"https:\/\/www.attensberger.de\/wp-content\/uploads\/2017\/04\/team3-1.jpg 510w, https:\/\/www.attensberger.de\/wp-content\/uploads\/2017\/04\/team3-1-300x200.jpg 300w\" sizes=\"auto, (max-width: 510px) 100vw, 510px\" \/><\/div>[\/vc_column][vc_column width=&#8220;1\/2&#8243;][vc_column_text]Die Firma Attensberger wurde durch Martin Attensberger sen. 1978 als Unternehmen f\u00fcr M\u00f6belhandel und Innenausbau gegr\u00fcndet.<br \/>\n1987 wurde die Werkstatt durch einen Anbau auf etwa 50qm erweitert.<br \/>\n1995 Vergr\u00f6\u00dferung der Werkstatt um einen Maschinenraum mit ca. 50 qm und mehreren neuen Schreinereimaschinen.<br \/>\nNach bestandener Meisterpr\u00fcfung von Martin Attensberger jun. im Jahr 1997 wurde die Firma in Schreinerei Attensberger GdbR unbenant.<br \/>\n2000 wurde ein neues B\u00fcro und Ausstellungsgeb\u00e4ude mit 200 qm Ausstellungsfl\u00e4che und Verkaufsr\u00e4umen auf zwei Etagen erbaut.<br \/>\nBis 2002 Besch\u00e4ftigte die Schreinerei Attensberger GdbR schon 6 Personen in der Werkstatt und im B\u00fcro.<br \/>\nIm Oktober 2002 wurde die GdbR in eine GmbH umgewandelt und von nun an ist alleiniger Gesch\u00e4ftsf\u00fchrer Martin Attensberger jun.<br \/>\n2007 wurde das Angebot um ein K\u00fcchen und M\u00f6bel Studio erweitert, es werden K\u00fcchen der Firma Sch\u00fcller \u2013 Nobilia \u2013 Burger \u2013 Bauformat \u2013Alno und diversen M\u00f6bel und Elektroger\u00e4tehersteller angeboten, diese finden Sie auf unserer K\u00fcchenhomepage <a href=\"http:\/\/www.kuechen-dorfen.de\/\" target=\"_blank\" rel=\"noopener\">www.kuechen-dorfen.de<\/a>[\/vc_column_text][\/vc_column][\/vc_row][vc_row][vc_column width=&#8220;1\/1&#8243;]<div class=\"spacer\" style=\"height: 35px;\"><\/div>[\/vc_column][\/vc_row][vc_row][vc_column width=&#8220;1\/2&#8243;][vc_column_text]<\/p>\n<h3>Kunst &amp; Kultur<\/h3>\n<p>Schokolade im Ohr (<a href=\"http:\/\/www.schokoladeimohr.de\/\" target=\"_blank\" rel=\"noopener\">http:\/\/www.schokoladeimohr.de<\/a>)[\/vc_column_text][\/vc_column][\/vc_row]<\/p>\n","protected":false},"excerpt":{"rendered":"<p>[vc_row][vc_column width=&#8220;1\/2&#8243;][vc_column_text] \u00dcber Uns [\/vc_column_text][\/vc_column][vc_column width=&#8220;1\/2&#8243;][vc_column_text]Die Firma Attensberger wurde durch Martin Attensberger sen. 1978 als Unternehmen f\u00fcr M\u00f6belhandel und Innenausbau gegr\u00fcndet. 1987 wurde die Werkstatt durch einen Anbau auf etwa 50qm erweitert. 1995 Vergr\u00f6\u00dferung der Werkstatt um einen Maschinenraum mit ca. 50 qm und mehreren neuen Schreinereimaschinen. Nach bestandener Meisterpr\u00fcfung von Martin Attensberger jun. im Jahr 1997 wurde die Firma in Schreinerei Attensberger GdbR unbenant. 2000 wurde ein neues B\u00fcro und Ausstellungsgeb\u00e4ude mit 200 qm Ausstellungsfl\u00e4che und Verkaufsr\u00e4umen auf zwei Etagen erbaut. Bis 2002 Besch\u00e4ftigte die Schreinerei Attensberger GdbR schon 6 Personen in der Werkstatt und im B\u00fcro. Im Oktober 2002 wurde die GdbR in eine GmbH umgewandelt und von nun an ist alleiniger Gesch\u00e4ftsf\u00fchrer Martin Attensberger jun. 2007 wurde das Angebot um ein K\u00fcchen und M\u00f6bel Studio erweitert, es werden K\u00fcchen der Firma Sch\u00fcller \u2013 Nobilia \u2013 Burger \u2013 Bauformat \u2013Alno und diversen M\u00f6bel und Elektroger\u00e4tehersteller angeboten, diese finden Sie auf unserer K\u00fcchenhomepage www.kuechen-dorfen.de[\/vc_column_text][\/vc_column][\/vc_row][vc_row][vc_column width=&#8220;1\/1&#8243;][\/vc_column][\/vc_row][vc_row][vc_column width=&#8220;1\/2&#8243;][vc_column_text] Kunst &amp; Kultur Schokolade im Ohr (http:\/\/www.schokoladeimohr.de)[\/vc_column_text][\/vc_column][\/vc_row]<\/p>\n","protected":false},"author":1,"featured_media":0,"parent":0,"menu_order":0,"comment_status":"closed","ping_status":"closed","template":"","meta":{"footnotes":""},"class_list":["post-13","page","type-page","status-publish","hentry"],"_links":{"self":[{"href":"https:\/\/www.attensberger.de\/index.php\/wp-json\/wp\/v2\/pages\/13","targetHints":{"allow":["GET"]}}],"collection":[{"href":"https:\/\/www.attensberger.de\/index.php\/wp-json\/wp\/v2\/pages"}],"about":[{"href":"https:\/\/www.attensberger.de\/index.php\/wp-json\/wp\/v2\/types\/page"}],"author":[{"embeddable":true,"href":"https:\/\/www.attensberger.de\/index.php\/wp-json\/wp\/v2\/users\/1"}],"replies":[{"embeddable":true,"href":"https:\/\/www.attensberger.de\/index.php\/wp-json\/wp\/v2\/comments?post=13"}],"version-history":[{"count":16,"href":"https:\/\/www.attensberger.de\/index.php\/wp-json\/wp\/v2\/pages\/13\/revisions"}],"predecessor-version":[{"id":362,"href":"https:\/\/www.attensberger.de\/index.php\/wp-json\/wp\/v2\/pages\/13\/revisions\/362"}],"wp:attachment":[{"href":"https:\/\/www.attensberger.de\/index.php\/wp-json\/wp\/v2\/media?parent=13"}],"curies":[{"name":"wp","href":"https:\/\/api.w.org\/{rel}","templated":true}]}}