{"id":11,"date":"2017-04-07T10:39:20","date_gmt":"2017-04-07T08:39:20","guid":{"rendered":"http:\/\/www.attensberger.de\/?page_id=11"},"modified":"2020-11-15T21:54:02","modified_gmt":"2020-11-15T20:54:02","slug":"ausstellung","status":"publish","type":"page","link":"https:\/\/www.attensberger.de\/index.php\/ausstellung\/","title":{"rendered":"Ausstellung"},"content":{"rendered":"<p>[vc_row][vc_column width=&#8220;1\/2&#8243;]<div class=\"flexslider wpb_content_element\"><ul class=\"slides\"><li><img decoding=\"async\" src=\"https:\/\/www.attensberger.de\/wp-content\/uploads\/2017\/04\/Attensberger_Wohnzimmer.jpg\" alt=\"\" \/><\/li><li><img decoding=\"async\" src=\"https:\/\/www.attensberger.de\/wp-content\/uploads\/2017\/04\/Attensberger_Fenster.jpg\" alt=\"\" \/><\/li><li><img decoding=\"async\" src=\"https:\/\/www.attensberger.de\/wp-content\/uploads\/2017\/04\/Attensberger_Esszimmer1.jpg\" alt=\"\" \/><\/li><li><img decoding=\"async\" src=\"https:\/\/www.attensberger.de\/wp-content\/uploads\/2017\/04\/Attensberger_Esszimmer.jpg\" alt=\"\" \/><\/li><\/ul><\/div>[\/vc_column][vc_column width=&#8220;1\/2&#8243;][vc_column_text]Besuchen Sie unsere Ausstellung<\/p>\n<p>In unserer 200 Quadratmeter gro\u00dfen Ausstellung, finden Sie K\u00fcchen und M\u00f6bel nahmhafter Hersteller, die individuell nach Ihren W\u00fcnschen zusammengestellt, angepasst und umgebaut werden k\u00f6nnen. Auf zwei Etagen erwarten Sie bezahlbar und dennoch hochwertige K\u00fcchen, Esszimmer- und Wohnungsm\u00f6bel, Couchgarnituren, Holzdecken und B\u00f6den, Fenster und T\u00fcren. Au\u00dferdem k\u00f6nnen Sie bei uns Elektrok\u00fcchenger\u00e4te von Oranja, Siemens, Bosch und Smeg erwerben.<\/p>\n<p>Ihr Anliegen liegt uns am Herzen! &#8212; Kommen Sie auf einen Kaffee vorbei und lassen Sie sich pers\u00f6nlich von uns Beraten.[\/vc_column_text][\/vc_column][\/vc_row]<\/p>\n","protected":false},"excerpt":{"rendered":"<p>[vc_row][vc_column width=&#8220;1\/2&#8243;][\/vc_column][vc_column width=&#8220;1\/2&#8243;][vc_column_text]Besuchen Sie unsere Ausstellung In unserer 200 Quadratmeter gro\u00dfen Ausstellung, finden Sie K\u00fcchen und M\u00f6bel nahmhafter Hersteller, die individuell nach Ihren W\u00fcnschen zusammengestellt, angepasst und umgebaut werden k\u00f6nnen. Auf zwei Etagen erwarten Sie bezahlbar und dennoch hochwertige K\u00fcchen, Esszimmer- und Wohnungsm\u00f6bel, Couchgarnituren, Holzdecken und B\u00f6den, Fenster und T\u00fcren. Au\u00dferdem k\u00f6nnen Sie bei uns Elektrok\u00fcchenger\u00e4te von Oranja, Siemens, Bosch und Smeg erwerben. Ihr Anliegen liegt uns am Herzen! &#8212; Kommen Sie auf einen Kaffee vorbei und lassen Sie sich pers\u00f6nlich von uns Beraten.[\/vc_column_text][\/vc_column][\/vc_row]<\/p>\n","protected":false},"author":1,"featured_media":0,"parent":0,"menu_order":0,"comment_status":"closed","ping_status":"closed","template":"","meta":{"footnotes":""},"class_list":["post-11","page","type-page","status-publish","hentry"],"_links":{"self":[{"href":"https:\/\/www.attensberger.de\/index.php\/wp-json\/wp\/v2\/pages\/11","targetHints":{"allow":["GET"]}}],"collection":[{"href":"https:\/\/www.attensberger.de\/index.php\/wp-json\/wp\/v2\/pages"}],"about":[{"href":"https:\/\/www.attensberger.de\/index.php\/wp-json\/wp\/v2\/types\/page"}],"author":[{"embeddable":true,"href":"https:\/\/www.attensberger.de\/index.php\/wp-json\/wp\/v2\/users\/1"}],"replies":[{"embeddable":true,"href":"https:\/\/www.attensberger.de\/index.php\/wp-json\/wp\/v2\/comments?post=11"}],"version-history":[{"count":7,"href":"https:\/\/www.attensberger.de\/index.php\/wp-json\/wp\/v2\/pages\/11\/revisions"}],"predecessor-version":[{"id":363,"href":"https:\/\/www.attensberger.de\/index.php\/wp-json\/wp\/v2\/pages\/11\/revisions\/363"}],"wp:attachment":[{"href":"https:\/\/www.attensberger.de\/index.php\/wp-json\/wp\/v2\/media?parent=11"}],"curies":[{"name":"wp","href":"https:\/\/api.w.org\/{rel}","templated":true}]}}