{"id":103,"date":"2017-10-24T15:56:26","date_gmt":"2017-10-24T13:56:26","guid":{"rendered":"http:\/\/www.attensberger.de\/?page_id=103"},"modified":"2017-10-25T13:30:21","modified_gmt":"2017-10-25T11:30:21","slug":"beschattung","status":"publish","type":"page","link":"https:\/\/www.attensberger.de\/index.php\/leistungen\/beschattung\/","title":{"rendered":"Beschattung"},"content":{"rendered":"<p>[vc_row][vc_column width=&#8220;1\/1&#8243;][vc_column_text]Durch unsere langj\u00e4hrige Erfahrung k\u00f6nnen wir ihnen bei der Wahl der richtigen Beschattung auch mit Rat und Tat beiseitestehen. Sie k\u00f6nnen sich selbstverst\u00e4ndlich schon vorab einen Einblick in das Angebot unserer Vertragshersteller verschaffen![\/vc_column_text]<div class=\"spacer\" style=\"height: 35px;\"><\/div>[vc_column_text]<\/p>\n<h5><a href=\"http:\/\/www.schlotterer.at\/de\/produkte\" target=\"_blank\" rel=\"noopener\">Beschattungen von Schlotterer <\/a><\/h5>\n<p>[\/vc_column_text]<div class=\"spacer\" style=\"height: 1px;\"><\/div>[\/vc_column][\/vc_row][vc_row][vc_column width=&#8220;1\/4&#8243;]<div class=\"single_image wpb_content_element align-left    \" data-animation=\"none\" data-delay=\"0\"><a href=\"https:\/\/www.attensberger.de\/wp-content\/uploads\/2017\/10\/5-9.jpg\" class=\"prettyPhoto\" rel=\"prettyPhoto[image]\"><img loading=\"lazy\" decoding=\"async\" width=\"731\" height=\"292\" src=\"https:\/\/www.attensberger.de\/wp-content\/uploads\/2017\/10\/5-9.jpg\" class=\"attachment-full\" alt=\"\" srcset=\"https:\/\/www.attensberger.de\/wp-content\/uploads\/2017\/10\/5-9.jpg 731w, https:\/\/www.attensberger.de\/wp-content\/uploads\/2017\/10\/5-9-300x120.jpg 300w\" sizes=\"auto, (max-width: 731px) 100vw, 731px\" \/><\/a><\/div>[\/vc_column][vc_column width=&#8220;1\/4&#8243;]<div class=\"single_image wpb_content_element align-left    \" data-animation=\"none\" data-delay=\"0\"><a href=\"https:\/\/www.attensberger.de\/wp-content\/uploads\/2017\/10\/1-9.jpg\" class=\"prettyPhoto\" rel=\"prettyPhoto[image]\"><img loading=\"lazy\" decoding=\"async\" width=\"731\" height=\"292\" src=\"https:\/\/www.attensberger.de\/wp-content\/uploads\/2017\/10\/1-9.jpg\" class=\"attachment-full\" alt=\"\" srcset=\"https:\/\/www.attensberger.de\/wp-content\/uploads\/2017\/10\/1-9.jpg 731w, https:\/\/www.attensberger.de\/wp-content\/uploads\/2017\/10\/1-9-300x120.jpg 300w\" sizes=\"auto, (max-width: 731px) 100vw, 731px\" \/><\/a><\/div>[\/vc_column][vc_column width=&#8220;1\/4&#8243;]<div class=\"single_image wpb_content_element align-left    \" data-animation=\"none\" data-delay=\"0\"><a href=\"https:\/\/www.attensberger.de\/wp-content\/uploads\/2017\/10\/4-9.jpg\" class=\"prettyPhoto\" rel=\"prettyPhoto[image]\"><img loading=\"lazy\" decoding=\"async\" width=\"731\" height=\"292\" src=\"https:\/\/www.attensberger.de\/wp-content\/uploads\/2017\/10\/4-9.jpg\" class=\"attachment-full\" alt=\"\" srcset=\"https:\/\/www.attensberger.de\/wp-content\/uploads\/2017\/10\/4-9.jpg 731w, https:\/\/www.attensberger.de\/wp-content\/uploads\/2017\/10\/4-9-300x120.jpg 300w\" sizes=\"auto, (max-width: 731px) 100vw, 731px\" \/><\/a><\/div>[\/vc_column][vc_column width=&#8220;1\/4&#8243;]<div class=\"single_image wpb_content_element align-left    \" data-animation=\"none\" data-delay=\"0\"><a href=\"https:\/\/www.attensberger.de\/wp-content\/uploads\/2017\/10\/3-9.jpg\" class=\"prettyPhoto\" rel=\"prettyPhoto[image]\"><img loading=\"lazy\" decoding=\"async\" width=\"731\" height=\"292\" src=\"https:\/\/www.attensberger.de\/wp-content\/uploads\/2017\/10\/3-9.jpg\" class=\"attachment-full\" alt=\"\" srcset=\"https:\/\/www.attensberger.de\/wp-content\/uploads\/2017\/10\/3-9.jpg 731w, https:\/\/www.attensberger.de\/wp-content\/uploads\/2017\/10\/3-9-300x120.jpg 300w\" sizes=\"auto, (max-width: 731px) 100vw, 731px\" \/><\/a><\/div>[\/vc_column][\/vc_row][vc_row][vc_column width=&#8220;1\/1&#8243;]<div class=\"spacer\" style=\"height: 10px;\"><\/div>[\/vc_column][\/vc_row][vc_row][vc_column width=&#8220;1\/4&#8243;]<div class=\"single_image wpb_content_element align-left    \" data-animation=\"none\" data-delay=\"0\"><a href=\"https:\/\/www.attensberger.de\/wp-content\/uploads\/2017\/10\/2-9.jpg\" class=\"prettyPhoto\" rel=\"prettyPhoto[image]\"><img loading=\"lazy\" decoding=\"async\" width=\"465\" height=\"308\" src=\"https:\/\/www.attensberger.de\/wp-content\/uploads\/2017\/10\/2-9.jpg\" class=\"attachment-full\" alt=\"\" srcset=\"https:\/\/www.attensberger.de\/wp-content\/uploads\/2017\/10\/2-9.jpg 465w, https:\/\/www.attensberger.de\/wp-content\/uploads\/2017\/10\/2-9-300x199.jpg 300w\" sizes=\"auto, (max-width: 465px) 100vw, 465px\" \/><\/a><\/div>[\/vc_column][vc_column width=&#8220;1\/4&#8243;]<div class=\"single_image wpb_content_element align-left    \" data-animation=\"none\" data-delay=\"0\"><a href=\"https:\/\/www.attensberger.de\/wp-content\/uploads\/2017\/10\/10.jpg\" class=\"prettyPhoto\" rel=\"prettyPhoto[image]\"><img loading=\"lazy\" decoding=\"async\" width=\"680\" height=\"453\" src=\"https:\/\/www.attensberger.de\/wp-content\/uploads\/2017\/10\/10.jpg\" class=\"attachment-full\" alt=\"\" srcset=\"https:\/\/www.attensberger.de\/wp-content\/uploads\/2017\/10\/10.jpg 680w, https:\/\/www.attensberger.de\/wp-content\/uploads\/2017\/10\/10-300x200.jpg 300w, https:\/\/www.attensberger.de\/wp-content\/uploads\/2017\/10\/10-600x400.jpg 600w\" sizes=\"auto, (max-width: 680px) 100vw, 680px\" \/><\/a><\/div>[\/vc_column][vc_column width=&#8220;1\/4&#8243;]<div class=\"single_image wpb_content_element align-left    \" data-animation=\"none\" data-delay=\"0\"><a href=\"https:\/\/www.attensberger.de\/wp-content\/uploads\/2017\/10\/9.jpg\" class=\"prettyPhoto\" rel=\"prettyPhoto[image]\"><img loading=\"lazy\" decoding=\"async\" width=\"680\" height=\"453\" src=\"https:\/\/www.attensberger.de\/wp-content\/uploads\/2017\/10\/9.jpg\" class=\"attachment-full\" alt=\"\" srcset=\"https:\/\/www.attensberger.de\/wp-content\/uploads\/2017\/10\/9.jpg 680w, https:\/\/www.attensberger.de\/wp-content\/uploads\/2017\/10\/9-300x200.jpg 300w, https:\/\/www.attensberger.de\/wp-content\/uploads\/2017\/10\/9-600x400.jpg 600w\" sizes=\"auto, (max-width: 680px) 100vw, 680px\" \/><\/a><\/div>[\/vc_column][vc_column width=&#8220;1\/4&#8243;]<div class=\"single_image wpb_content_element align-left    \" data-animation=\"none\" data-delay=\"0\"><a href=\"https:\/\/www.attensberger.de\/wp-content\/uploads\/2017\/10\/8.jpg\" class=\"prettyPhoto\" rel=\"prettyPhoto[image]\"><img loading=\"lazy\" decoding=\"async\" width=\"680\" height=\"453\" src=\"https:\/\/www.attensberger.de\/wp-content\/uploads\/2017\/10\/8.jpg\" class=\"attachment-full\" alt=\"\" srcset=\"https:\/\/www.attensberger.de\/wp-content\/uploads\/2017\/10\/8.jpg 680w, https:\/\/www.attensberger.de\/wp-content\/uploads\/2017\/10\/8-300x200.jpg 300w, https:\/\/www.attensberger.de\/wp-content\/uploads\/2017\/10\/8-600x400.jpg 600w\" sizes=\"auto, (max-width: 680px) 100vw, 680px\" \/><\/a><\/div>[\/vc_column][\/vc_row][vc_row][vc_column width=&#8220;1\/1&#8243;]<div class=\"spacer\" style=\"height: 40px;\"><\/div>[vc_column_text]<\/p>\n<h5><a href=\"http:\/\/www.reflexa.de\/produkte\/\" target=\"_blank\" rel=\"noopener\">Beschattung von Reflexa<\/a><\/h5>\n<p>[\/vc_column_text]<div class=\"spacer\" style=\"height: 1px;\"><\/div>[\/vc_column][\/vc_row][vc_row][vc_column width=&#8220;1\/2&#8243;]<div class=\"single_image wpb_content_element align-left    \" data-animation=\"none\" data-delay=\"0\"><a href=\"https:\/\/www.attensberger.de\/wp-content\/uploads\/2017\/10\/11.jpg\" class=\"prettyPhoto\" rel=\"prettyPhoto[image]\"><img loading=\"lazy\" decoding=\"async\" width=\"960\" height=\"220\" src=\"https:\/\/www.attensberger.de\/wp-content\/uploads\/2017\/10\/11.jpg\" class=\"attachment-full\" alt=\"\" srcset=\"https:\/\/www.attensberger.de\/wp-content\/uploads\/2017\/10\/11.jpg 960w, https:\/\/www.attensberger.de\/wp-content\/uploads\/2017\/10\/11-300x69.jpg 300w, https:\/\/www.attensberger.de\/wp-content\/uploads\/2017\/10\/11-768x176.jpg 768w\" sizes=\"auto, (max-width: 960px) 100vw, 960px\" \/><\/a><\/div>[\/vc_column][vc_column width=&#8220;1\/2&#8243;]<div class=\"single_image wpb_content_element align-left    \" data-animation=\"none\" data-delay=\"0\"><a href=\"https:\/\/www.attensberger.de\/wp-content\/uploads\/2017\/10\/10-1.jpg\" class=\"prettyPhoto\" rel=\"prettyPhoto[image]\"><img loading=\"lazy\" decoding=\"async\" width=\"960\" height=\"220\" src=\"https:\/\/www.attensberger.de\/wp-content\/uploads\/2017\/10\/10-1.jpg\" class=\"attachment-full\" alt=\"\" srcset=\"https:\/\/www.attensberger.de\/wp-content\/uploads\/2017\/10\/10-1.jpg 960w, https:\/\/www.attensberger.de\/wp-content\/uploads\/2017\/10\/10-1-300x69.jpg 300w, https:\/\/www.attensberger.de\/wp-content\/uploads\/2017\/10\/10-1-768x176.jpg 768w\" sizes=\"auto, (max-width: 960px) 100vw, 960px\" \/><\/a><\/div>[\/vc_column][\/vc_row][vc_row][vc_column width=&#8220;1\/1&#8243;]<div class=\"spacer\" style=\"height: 10px;\"><\/div>[\/vc_column][\/vc_row][vc_row][vc_column width=&#8220;1\/2&#8243;]<div class=\"single_image wpb_content_element align-left    \" data-animation=\"none\" data-delay=\"0\"><a href=\"https:\/\/www.attensberger.de\/wp-content\/uploads\/2017\/10\/1-10.jpg\" class=\"prettyPhoto\" rel=\"prettyPhoto[image]\"><img loading=\"lazy\" decoding=\"async\" width=\"960\" height=\"220\" src=\"https:\/\/www.attensberger.de\/wp-content\/uploads\/2017\/10\/1-10.jpg\" class=\"attachment-full\" alt=\"\" srcset=\"https:\/\/www.attensberger.de\/wp-content\/uploads\/2017\/10\/1-10.jpg 960w, https:\/\/www.attensberger.de\/wp-content\/uploads\/2017\/10\/1-10-300x69.jpg 300w, https:\/\/www.attensberger.de\/wp-content\/uploads\/2017\/10\/1-10-768x176.jpg 768w\" sizes=\"auto, (max-width: 960px) 100vw, 960px\" \/><\/a><\/div>[\/vc_column][vc_column width=&#8220;1\/2&#8243;]<div class=\"single_image wpb_content_element align-left    \" data-animation=\"none\" data-delay=\"0\"><a href=\"https:\/\/www.attensberger.de\/wp-content\/uploads\/2017\/10\/2-10.jpg\" class=\"prettyPhoto\" rel=\"prettyPhoto[image]\"><img loading=\"lazy\" decoding=\"async\" width=\"960\" height=\"220\" src=\"https:\/\/www.attensberger.de\/wp-content\/uploads\/2017\/10\/2-10.jpg\" class=\"attachment-full\" alt=\"\" srcset=\"https:\/\/www.attensberger.de\/wp-content\/uploads\/2017\/10\/2-10.jpg 960w, https:\/\/www.attensberger.de\/wp-content\/uploads\/2017\/10\/2-10-300x69.jpg 300w, https:\/\/www.attensberger.de\/wp-content\/uploads\/2017\/10\/2-10-768x176.jpg 768w\" sizes=\"auto, (max-width: 960px) 100vw, 960px\" \/><\/a><\/div>[\/vc_column][\/vc_row][vc_row][vc_column width=&#8220;1\/1&#8243;]<div class=\"spacer\" style=\"height: 10px;\"><\/div>[\/vc_column][\/vc_row][vc_row][vc_column width=&#8220;1\/2&#8243;]<div class=\"single_image wpb_content_element align-left    \" data-animation=\"none\" data-delay=\"0\"><a href=\"https:\/\/www.attensberger.de\/wp-content\/uploads\/2017\/10\/15.jpg\" class=\"prettyPhoto\" rel=\"prettyPhoto[image]\"><img loading=\"lazy\" decoding=\"async\" width=\"960\" height=\"220\" src=\"https:\/\/www.attensberger.de\/wp-content\/uploads\/2017\/10\/15.jpg\" class=\"attachment-full\" alt=\"\" srcset=\"https:\/\/www.attensberger.de\/wp-content\/uploads\/2017\/10\/15.jpg 960w, https:\/\/www.attensberger.de\/wp-content\/uploads\/2017\/10\/15-300x69.jpg 300w, https:\/\/www.attensberger.de\/wp-content\/uploads\/2017\/10\/15-768x176.jpg 768w\" sizes=\"auto, (max-width: 960px) 100vw, 960px\" \/><\/a><\/div>[\/vc_column][vc_column width=&#8220;1\/2&#8243;]<div class=\"single_image wpb_content_element align-left    \" data-animation=\"none\" data-delay=\"0\"><a href=\"https:\/\/www.attensberger.de\/wp-content\/uploads\/2017\/10\/14.jpg\" class=\"prettyPhoto\" rel=\"prettyPhoto[image]\"><img loading=\"lazy\" decoding=\"async\" width=\"960\" height=\"220\" src=\"https:\/\/www.attensberger.de\/wp-content\/uploads\/2017\/10\/14.jpg\" class=\"attachment-full\" alt=\"\" srcset=\"https:\/\/www.attensberger.de\/wp-content\/uploads\/2017\/10\/14.jpg 960w, https:\/\/www.attensberger.de\/wp-content\/uploads\/2017\/10\/14-300x69.jpg 300w, https:\/\/www.attensberger.de\/wp-content\/uploads\/2017\/10\/14-768x176.jpg 768w\" sizes=\"auto, (max-width: 960px) 100vw, 960px\" \/><\/a><\/div>[\/vc_column][\/vc_row][vc_row][vc_column width=&#8220;1\/1&#8243;]<div class=\"spacer\" style=\"height: 10px;\"><\/div>[\/vc_column][\/vc_row][vc_row][vc_column width=&#8220;1\/2&#8243;]<div class=\"single_image wpb_content_element align-left    \" data-animation=\"none\" data-delay=\"0\"><a href=\"https:\/\/www.attensberger.de\/wp-content\/uploads\/2017\/10\/13.jpg\" class=\"prettyPhoto\" rel=\"prettyPhoto[image]\"><img loading=\"lazy\" decoding=\"async\" width=\"960\" height=\"220\" src=\"https:\/\/www.attensberger.de\/wp-content\/uploads\/2017\/10\/13.jpg\" class=\"attachment-full\" alt=\"\" srcset=\"https:\/\/www.attensberger.de\/wp-content\/uploads\/2017\/10\/13.jpg 960w, https:\/\/www.attensberger.de\/wp-content\/uploads\/2017\/10\/13-300x69.jpg 300w, https:\/\/www.attensberger.de\/wp-content\/uploads\/2017\/10\/13-768x176.jpg 768w\" sizes=\"auto, (max-width: 960px) 100vw, 960px\" \/><\/a><\/div>[\/vc_column][vc_column width=&#8220;1\/2&#8243;]<div class=\"single_image wpb_content_element align-left    \" data-animation=\"none\" data-delay=\"0\"><a href=\"https:\/\/www.attensberger.de\/wp-content\/uploads\/2017\/10\/12.jpg\" class=\"prettyPhoto\" rel=\"prettyPhoto[image]\"><img loading=\"lazy\" decoding=\"async\" width=\"960\" height=\"220\" src=\"https:\/\/www.attensberger.de\/wp-content\/uploads\/2017\/10\/12.jpg\" class=\"attachment-full\" alt=\"\" srcset=\"https:\/\/www.attensberger.de\/wp-content\/uploads\/2017\/10\/12.jpg 960w, https:\/\/www.attensberger.de\/wp-content\/uploads\/2017\/10\/12-300x69.jpg 300w, https:\/\/www.attensberger.de\/wp-content\/uploads\/2017\/10\/12-768x176.jpg 768w\" sizes=\"auto, (max-width: 960px) 100vw, 960px\" \/><\/a><\/div>[\/vc_column][\/vc_row][vc_row][vc_column width=&#8220;1\/1&#8243;]<div class=\"spacer\" style=\"height: 10px;\"><\/div>[\/vc_column][\/vc_row][vc_row][vc_column width=&#8220;1\/2&#8243;]<div class=\"single_image wpb_content_element align-left    \" data-animation=\"none\" data-delay=\"0\"><a href=\"https:\/\/www.attensberger.de\/wp-content\/uploads\/2017\/10\/8-1.jpg\" class=\"prettyPhoto\" rel=\"prettyPhoto[image]\"><img loading=\"lazy\" decoding=\"async\" width=\"960\" height=\"220\" src=\"https:\/\/www.attensberger.de\/wp-content\/uploads\/2017\/10\/8-1.jpg\" class=\"attachment-full\" alt=\"\" srcset=\"https:\/\/www.attensberger.de\/wp-content\/uploads\/2017\/10\/8-1.jpg 960w, https:\/\/www.attensberger.de\/wp-content\/uploads\/2017\/10\/8-1-300x69.jpg 300w, https:\/\/www.attensberger.de\/wp-content\/uploads\/2017\/10\/8-1-768x176.jpg 768w\" sizes=\"auto, (max-width: 960px) 100vw, 960px\" \/><\/a><\/div>[\/vc_column][vc_column width=&#8220;1\/2&#8243;]<div class=\"single_image wpb_content_element align-left    \" data-animation=\"none\" data-delay=\"0\"><a href=\"https:\/\/www.attensberger.de\/wp-content\/uploads\/2017\/10\/9-1.jpg\" class=\"prettyPhoto\" rel=\"prettyPhoto[image]\"><img loading=\"lazy\" decoding=\"async\" width=\"960\" height=\"220\" src=\"https:\/\/www.attensberger.de\/wp-content\/uploads\/2017\/10\/9-1.jpg\" class=\"attachment-full\" alt=\"\" srcset=\"https:\/\/www.attensberger.de\/wp-content\/uploads\/2017\/10\/9-1.jpg 960w, https:\/\/www.attensberger.de\/wp-content\/uploads\/2017\/10\/9-1-300x69.jpg 300w, https:\/\/www.attensberger.de\/wp-content\/uploads\/2017\/10\/9-1-768x176.jpg 768w\" sizes=\"auto, (max-width: 960px) 100vw, 960px\" \/><\/a><\/div>[\/vc_column][\/vc_row][vc_row][vc_column width=&#8220;1\/1&#8243;]<div class=\"spacer\" style=\"height: 10px;\"><\/div>[\/vc_column][\/vc_row][vc_row][vc_column width=&#8220;1\/2&#8243;]<div class=\"single_image wpb_content_element align-left    \" data-animation=\"none\" data-delay=\"0\"><a href=\"https:\/\/www.attensberger.de\/wp-content\/uploads\/2017\/10\/7-1.jpg\" class=\"prettyPhoto\" rel=\"prettyPhoto[image]\"><img loading=\"lazy\" decoding=\"async\" width=\"960\" height=\"220\" src=\"https:\/\/www.attensberger.de\/wp-content\/uploads\/2017\/10\/7-1.jpg\" class=\"attachment-full\" alt=\"\" srcset=\"https:\/\/www.attensberger.de\/wp-content\/uploads\/2017\/10\/7-1.jpg 960w, https:\/\/www.attensberger.de\/wp-content\/uploads\/2017\/10\/7-1-300x69.jpg 300w, https:\/\/www.attensberger.de\/wp-content\/uploads\/2017\/10\/7-1-768x176.jpg 768w\" sizes=\"auto, (max-width: 960px) 100vw, 960px\" \/><\/a><\/div>[\/vc_column][vc_column width=&#8220;1\/2&#8243;]<div class=\"single_image wpb_content_element align-left    \" data-animation=\"none\" data-delay=\"0\"><a href=\"https:\/\/www.attensberger.de\/wp-content\/uploads\/2017\/10\/4-10.jpg\" class=\"prettyPhoto\" rel=\"prettyPhoto[image]\"><img loading=\"lazy\" decoding=\"async\" width=\"960\" height=\"220\" src=\"https:\/\/www.attensberger.de\/wp-content\/uploads\/2017\/10\/4-10.jpg\" class=\"attachment-full\" alt=\"\" srcset=\"https:\/\/www.attensberger.de\/wp-content\/uploads\/2017\/10\/4-10.jpg 960w, https:\/\/www.attensberger.de\/wp-content\/uploads\/2017\/10\/4-10-300x69.jpg 300w, https:\/\/www.attensberger.de\/wp-content\/uploads\/2017\/10\/4-10-768x176.jpg 768w\" sizes=\"auto, (max-width: 960px) 100vw, 960px\" \/><\/a><\/div>[\/vc_column][\/vc_row]<\/p>\n","protected":false},"excerpt":{"rendered":"<p>[vc_row][vc_column width=&#8220;1\/1&#8243;][vc_column_text]Durch unsere langj\u00e4hrige Erfahrung k\u00f6nnen wir ihnen bei der Wahl der richtigen Beschattung auch mit Rat und Tat beiseitestehen. Sie k\u00f6nnen sich selbstverst\u00e4ndlich schon vorab einen Einblick in das Angebot unserer Vertragshersteller verschaffen![\/vc_column_text][vc_column_text] Beschattungen von Schlotterer [\/vc_column_text][\/vc_column][\/vc_row][vc_row][vc_column width=&#8220;1\/4&#8243;][\/vc_column][vc_column width=&#8220;1\/4&#8243;][\/vc_column][vc_column width=&#8220;1\/4&#8243;][\/vc_column][vc_column width=&#8220;1\/4&#8243;][\/vc_column][\/vc_row][vc_row][vc_column width=&#8220;1\/1&#8243;][\/vc_column][\/vc_row][vc_row][vc_column width=&#8220;1\/4&#8243;][\/vc_column][vc_column width=&#8220;1\/4&#8243;][\/vc_column][vc_column width=&#8220;1\/4&#8243;][\/vc_column][vc_column width=&#8220;1\/4&#8243;][\/vc_column][\/vc_row][vc_row][vc_column width=&#8220;1\/1&#8243;][vc_column_text] Beschattung von Reflexa [\/vc_column_text][\/vc_column][\/vc_row][vc_row][vc_column width=&#8220;1\/2&#8243;][\/vc_column][vc_column width=&#8220;1\/2&#8243;][\/vc_column][\/vc_row][vc_row][vc_column width=&#8220;1\/1&#8243;][\/vc_column][\/vc_row][vc_row][vc_column width=&#8220;1\/2&#8243;][\/vc_column][vc_column width=&#8220;1\/2&#8243;][\/vc_column][\/vc_row][vc_row][vc_column width=&#8220;1\/1&#8243;][\/vc_column][\/vc_row][vc_row][vc_column width=&#8220;1\/2&#8243;][\/vc_column][vc_column width=&#8220;1\/2&#8243;][\/vc_column][\/vc_row][vc_row][vc_column width=&#8220;1\/1&#8243;][\/vc_column][\/vc_row][vc_row][vc_column width=&#8220;1\/2&#8243;][\/vc_column][vc_column width=&#8220;1\/2&#8243;][\/vc_column][\/vc_row][vc_row][vc_column width=&#8220;1\/1&#8243;][\/vc_column][\/vc_row][vc_row][vc_column width=&#8220;1\/2&#8243;][\/vc_column][vc_column width=&#8220;1\/2&#8243;][\/vc_column][\/vc_row][vc_row][vc_column width=&#8220;1\/1&#8243;][\/vc_column][\/vc_row][vc_row][vc_column width=&#8220;1\/2&#8243;][\/vc_column][vc_column width=&#8220;1\/2&#8243;][\/vc_column][\/vc_row]<\/p>\n","protected":false},"author":1,"featured_media":0,"parent":9,"menu_order":0,"comment_status":"closed","ping_status":"closed","template":"","meta":{"footnotes":""},"class_list":["post-103","page","type-page","status-publish","hentry"],"_links":{"self":[{"href":"https:\/\/www.attensberger.de\/index.php\/wp-json\/wp\/v2\/pages\/103","targetHints":{"allow":["GET"]}}],"collection":[{"href":"https:\/\/www.attensberger.de\/index.php\/wp-json\/wp\/v2\/pages"}],"about":[{"href":"https:\/\/www.attensberger.de\/index.php\/wp-json\/wp\/v2\/types\/page"}],"author":[{"embeddable":true,"href":"https:\/\/www.attensberger.de\/index.php\/wp-json\/wp\/v2\/users\/1"}],"replies":[{"embeddable":true,"href":"https:\/\/www.attensberger.de\/index.php\/wp-json\/wp\/v2\/comments?post=103"}],"version-history":[{"count":7,"href":"https:\/\/www.attensberger.de\/index.php\/wp-json\/wp\/v2\/pages\/103\/revisions"}],"predecessor-version":[{"id":321,"href":"https:\/\/www.attensberger.de\/index.php\/wp-json\/wp\/v2\/pages\/103\/revisions\/321"}],"up":[{"embeddable":true,"href":"https:\/\/www.attensberger.de\/index.php\/wp-json\/wp\/v2\/pages\/9"}],"wp:attachment":[{"href":"https:\/\/www.attensberger.de\/index.php\/wp-json\/wp\/v2\/media?parent=103"}],"curies":[{"name":"wp","href":"https:\/\/api.w.org\/{rel}","templated":true}]}}