{"id":101,"date":"2017-10-24T15:56:17","date_gmt":"2017-10-24T13:56:17","guid":{"rendered":"http:\/\/www.attensberger.de\/?page_id=101"},"modified":"2017-10-25T13:19:30","modified_gmt":"2017-10-25T11:19:30","slug":"sanierung","status":"publish","type":"page","link":"https:\/\/www.attensberger.de\/index.php\/leistungen\/sanierung\/","title":{"rendered":"Sanierung"},"content":{"rendered":"<p>[vc_row][vc_column width=&#8220;1\/2&#8243;]<div class=\"single_image wpb_content_element align-left    \" data-animation=\"none\" data-delay=\"0\"><img loading=\"lazy\" decoding=\"async\" width=\"959\" height=\"501\" src=\"https:\/\/www.attensberger.de\/wp-content\/uploads\/2017\/10\/Fotolia_79944158_S.jpg\" class=\"attachment-full\" alt=\"\" srcset=\"https:\/\/www.attensberger.de\/wp-content\/uploads\/2017\/10\/Fotolia_79944158_S.jpg 959w, https:\/\/www.attensberger.de\/wp-content\/uploads\/2017\/10\/Fotolia_79944158_S-300x157.jpg 300w, https:\/\/www.attensberger.de\/wp-content\/uploads\/2017\/10\/Fotolia_79944158_S-768x401.jpg 768w\" sizes=\"auto, (max-width: 959px) 100vw, 959px\" \/><\/div>[\/vc_column][vc_column width=&#8220;1\/2&#8243;][vc_column_text]<\/p>\n<div>\n<p>Austausch von Fenstern, Haust\u00fcren und Innent\u00fcren. Innend\u00e4mmung von Dach mit Decken in Holz oder Gipskarton, W\u00e4nde in Metall-St\u00e4nder erstellen und mit Gipskartonplatten beplanken. Fu\u00dfbodend\u00e4mmen und Trockenestrich.<\/p>\n<p>Wir organisieren einen Umbau im Haus mit allen anfallenden Gewerken, vom Architekten mit Erstellung der Pl\u00e4ne bis zur Genehmigung beim Landradsamt, Baufirma, Putzer, Maler, Elektriker, Fliesenleger, Estrichleger, Zimmerer, Installateur und Schreiner, alles aus einer Hand.<\/p>\n<\/div>\n<p>[\/vc_column_text][\/vc_column][\/vc_row]<\/p>\n","protected":false},"excerpt":{"rendered":"<p>[vc_row][vc_column width=&#8220;1\/2&#8243;][\/vc_column][vc_column width=&#8220;1\/2&#8243;][vc_column_text] Austausch von Fenstern, Haust\u00fcren und Innent\u00fcren. Innend\u00e4mmung von Dach mit Decken in Holz oder Gipskarton, W\u00e4nde in Metall-St\u00e4nder erstellen und mit Gipskartonplatten beplanken. Fu\u00dfbodend\u00e4mmen und Trockenestrich. Wir organisieren einen Umbau im Haus mit allen anfallenden Gewerken, vom Architekten mit Erstellung der Pl\u00e4ne bis zur Genehmigung beim Landradsamt, Baufirma, Putzer, Maler, Elektriker, Fliesenleger, Estrichleger, Zimmerer, Installateur und Schreiner, alles aus einer Hand. [\/vc_column_text][\/vc_column][\/vc_row]<\/p>\n","protected":false},"author":1,"featured_media":0,"parent":9,"menu_order":0,"comment_status":"closed","ping_status":"closed","template":"","meta":{"footnotes":""},"class_list":["post-101","page","type-page","status-publish","hentry"],"_links":{"self":[{"href":"https:\/\/www.attensberger.de\/index.php\/wp-json\/wp\/v2\/pages\/101","targetHints":{"allow":["GET"]}}],"collection":[{"href":"https:\/\/www.attensberger.de\/index.php\/wp-json\/wp\/v2\/pages"}],"about":[{"href":"https:\/\/www.attensberger.de\/index.php\/wp-json\/wp\/v2\/types\/page"}],"author":[{"embeddable":true,"href":"https:\/\/www.attensberger.de\/index.php\/wp-json\/wp\/v2\/users\/1"}],"replies":[{"embeddable":true,"href":"https:\/\/www.attensberger.de\/index.php\/wp-json\/wp\/v2\/comments?post=101"}],"version-history":[{"count":4,"href":"https:\/\/www.attensberger.de\/index.php\/wp-json\/wp\/v2\/pages\/101\/revisions"}],"predecessor-version":[{"id":291,"href":"https:\/\/www.attensberger.de\/index.php\/wp-json\/wp\/v2\/pages\/101\/revisions\/291"}],"up":[{"embeddable":true,"href":"https:\/\/www.attensberger.de\/index.php\/wp-json\/wp\/v2\/pages\/9"}],"wp:attachment":[{"href":"https:\/\/www.attensberger.de\/index.php\/wp-json\/wp\/v2\/media?parent=101"}],"curies":[{"name":"wp","href":"https:\/\/api.w.org\/{rel}","templated":true}]}}